{"id":34,"date":"2026-02-22T08:51:35","date_gmt":"2026-02-22T08:51:35","guid":{"rendered":"https:\/\/bigyoka.hu\/index.php\/home\/"},"modified":"2026-03-08T17:33:13","modified_gmt":"2026-03-08T17:33:13","slug":"home","status":"publish","type":"page","link":"https:\/\/bigyoka.hu\/","title":{"rendered":"Kezd\u0151lap"},"content":{"rendered":"\t\t<div data-elementor-type=\"wp-page\" data-elementor-id=\"34\" class=\"elementor elementor-34\" data-elementor-post-type=\"page\">\n\t\t\t\t<div class=\"elementor-element elementor-element-d5cfde3 e-flex e-con-boxed e-con e-parent\" data-id=\"d5cfde3\" data-element_type=\"container\" data-e-type=\"container\" data-settings=\"{&quot;background_background&quot;:&quot;classic&quot;}\">\n\t\t\t\t\t<div class=\"e-con-inner\">\n\t\t\t\t<div class=\"elementor-element elementor-element-3ecd55be elementor-invisible elementor-widget elementor-widget-heading\" data-id=\"3ecd55be\" data-element_type=\"widget\" data-e-type=\"widget\" data-settings=\"{&quot;_animation&quot;:&quot;fadeIn&quot;}\" data-widget_type=\"heading.default\">\n\t\t\t\t\t<h1 class=\"elementor-heading-title elementor-size-default\">Ahol a kuty\u00e1d is otthon van<\/h1>\t\t\t\t<\/div>\n\t\t\t\t<div class=\"elementor-element elementor-element-32b3f1bc elementor-invisible elementor-widget elementor-widget-heading\" data-id=\"32b3f1bc\" data-element_type=\"widget\" data-e-type=\"widget\" data-settings=\"{&quot;_animation&quot;:&quot;fadeIn&quot;}\" data-widget_type=\"heading.default\">\n\t\t\t\t\t<h5 class=\"elementor-heading-title elementor-size-default\">Panzi\u00f3, napk\u00f6zi \u00e9s csoportos kutyaiskola gondoskod\u00e1ssal, figyelemmel \u00e9s szak\u00e9rtelemmel.<\/h5>\t\t\t\t<\/div>\n\t\t\t\t<div class=\"elementor-element elementor-element-2a921c06 elementor-align-center elementor-invisible elementor-widget elementor-widget-button\" data-id=\"2a921c06\" data-element_type=\"widget\" data-e-type=\"widget\" data-settings=\"{&quot;_animation&quot;:&quot;fadeIn&quot;,&quot;_animation_delay&quot;:400}\" data-widget_type=\"button.default\">\n\t\t\t\t\t\t\t\t\t\t<a class=\"elementor-button elementor-button-link elementor-size-sm\" href=\"https:\/\/bigyoka.hu\/index.php\/kapcsolat\/\">\n\t\t\t\t\t\t<span class=\"elementor-button-content-wrapper\">\n\t\t\t\t\t\t\t\t\t<span class=\"elementor-button-text\">Kapcsolat<\/span>\n\t\t\t\t\t<\/span>\n\t\t\t\t\t<\/a>\n\t\t\t\t\t\t\t\t<\/div>\n\t\t\t\t\t<\/div>\n\t\t\t\t<\/div>\n\t\t<div class=\"elementor-element elementor-element-76b52626 e-flex e-con-boxed e-con e-parent\" data-id=\"76b52626\" data-element_type=\"container\" data-e-type=\"container\">\n\t\t\t\t\t<div class=\"e-con-inner\">\n\t\t\t\t<div class=\"elementor-element elementor-element-30e5297 elementor-widget elementor-widget-heading\" data-id=\"30e5297\" data-element_type=\"widget\" data-e-type=\"widget\" data-widget_type=\"heading.default\">\n\t\t\t\t\t<h2 class=\"elementor-heading-title elementor-size-default\">Mit k\u00edn\u00e1lunk a kuty\u00e1dnak?<\/h2>\t\t\t\t<\/div>\n\t\t\t\t<div class=\"elementor-element elementor-element-ccbb979 elementor-widget elementor-widget-heading\" data-id=\"ccbb979\" data-element_type=\"widget\" data-e-type=\"widget\" data-widget_type=\"heading.default\">\n\t\t\t\t\t<h5 class=\"elementor-heading-title elementor-size-default\">Szeretetteljes, biztons\u00e1gos k\u00f6rnyezetben gondoskodunk a r\u00e1nk b\u00edzott kuty\u00e1kr\u00f3l \u2013 legyen sz\u00f3 panzi\u00f3r\u00f3l, napk\u00f6zir\u0151l vagy k\u00f6z\u00f6s gyakorl\u00e1sr\u00f3l.<\/h5>\t\t\t\t<\/div>\n\t\t<div class=\"elementor-element elementor-element-b2d7dbe e-con-full e-flex e-con e-child\" data-id=\"b2d7dbe\" data-element_type=\"container\" data-e-type=\"container\">\n\t\t\t\t<div class=\"elementor-element elementor-element-43ed2439 elementor-widget-tablet__width-initial elementor-widget-mobile__width-inherit elementor-widget__width-initial elementor-position-top elementor-widget elementor-widget-image-box\" data-id=\"43ed2439\" data-element_type=\"widget\" data-e-type=\"widget\" data-widget_type=\"image-box.default\">\n\t\t\t\t\t<div class=\"elementor-image-box-wrapper\"><figure class=\"elementor-image-box-img\"><img fetchpriority=\"high\" decoding=\"async\" width=\"768\" height=\"576\" src=\"https:\/\/bigyoka.hu\/wp-content\/uploads\/2026\/02\/kutyapanzio_bigyoka_vac.jpg\" class=\"elementor-animation-grow attachment-full size-full wp-image-64\" alt=\"\" srcset=\"https:\/\/bigyoka.hu\/wp-content\/uploads\/2026\/02\/kutyapanzio_bigyoka_vac.jpg 768w, https:\/\/bigyoka.hu\/wp-content\/uploads\/2026\/02\/kutyapanzio_bigyoka_vac-300x225.jpg 300w\" sizes=\"(max-width: 768px) 100vw, 768px\" \/><\/figure><div class=\"elementor-image-box-content\"><h4 class=\"elementor-image-box-title\">Kutyapanzi\u00f3 - szeretettel \u00e9s odafigyel\u00e9ssel<\/h4><p class=\"elementor-image-box-description\">N\u00e1lunk a kuty\u00e1k nem csak fel\u00fcgyeletet kapnak, hanem t\u00f6r\u0151d\u00e9st is.<br data-start=\"437\" data-end=\"440\">\n24 \u00f3r\u00e1s jelenl\u00e9ttel gondoskodunk r\u00f3luk, hogy biztons\u00e1gban \u00e9s nyugalomban t\u00f6lthess\u00e9k az itt t\u00f6lt\u00f6tt id\u0151t. Reggel \u00e9s este k\u00f6z\u00f6s s\u00e9t\u00e1k, napk\u00f6zben pedig j\u00e1t\u00e9k \u00e9s pihen\u00e9s v\u00e1rja \u0151ket kisebb csoportokban, a saj\u00e1t temp\u00f3jukban. Fontos sz\u00e1munkra, hogy minden kutya j\u00f3l \u00e9rezze mag\u00e1t, am\u00edg a gazdi t\u00e1vol van.<\/p><\/div><\/div>\t\t\t\t<\/div>\n\t\t\t\t<div class=\"elementor-element elementor-element-3afe9b04 elementor-widget-tablet__width-initial elementor-widget-mobile__width-inherit elementor-widget__width-initial elementor-position-top elementor-widget elementor-widget-image-box\" data-id=\"3afe9b04\" data-element_type=\"widget\" data-e-type=\"widget\" data-widget_type=\"image-box.default\">\n\t\t\t\t\t<div class=\"elementor-image-box-wrapper\"><figure class=\"elementor-image-box-img\"><img decoding=\"async\" width=\"768\" height=\"576\" src=\"https:\/\/bigyoka.hu\/wp-content\/uploads\/2026\/02\/napkozi_kutyapanzio_vac_bigyoka.jpg\" class=\"elementor-animation-grow attachment-full size-full wp-image-63\" alt=\"\" srcset=\"https:\/\/bigyoka.hu\/wp-content\/uploads\/2026\/02\/napkozi_kutyapanzio_vac_bigyoka.jpg 768w, https:\/\/bigyoka.hu\/wp-content\/uploads\/2026\/02\/napkozi_kutyapanzio_vac_bigyoka-300x225.jpg 300w\" sizes=\"(max-width: 768px) 100vw, 768px\" \/><\/figure><div class=\"elementor-image-box-content\"><h4 class=\"elementor-image-box-title\">Napk\u00f6zi kuty\u00e1knak -tartalmas nap, boldog kuty\u00e1k<\/h4><p class=\"elementor-image-box-description\">A napk\u00f6ziben a kuty\u00e1k szabadon mozoghatnak, j\u00e1tszhatnak \u00e9s szocializ\u00e1l\u00f3dhatnak tapasztalt kik\u00e9pz\u0151 fel\u00fcgyelete mellett. Az 1500 nm-es ter\u00fcleten nem az unatkoz\u00e1s\u00e9 a f\u0151szerep, hanem a mozg\u00e1s\u00e9, a j\u00e1t\u00e9k\u00e9 \u00e9s a nyugodt egy\u00fcttl\u00e9t\u00e9. Ak\u00e1r rendszeresen, ak\u00e1r alkalmank\u00e9nt hozn\u00e1d el a kuty\u00e1dat, n\u00e1lunk biztons\u00e1gos, szeretetteljes k\u00f6rnyezet v\u00e1rja.<\/p><\/div><\/div>\t\t\t\t<\/div>\n\t\t\t\t<div class=\"elementor-element elementor-element-4013ea92 elementor-widget-tablet__width-initial elementor-widget-mobile__width-inherit elementor-widget__width-initial elementor-position-top elementor-widget elementor-widget-image-box\" data-id=\"4013ea92\" data-element_type=\"widget\" data-e-type=\"widget\" data-widget_type=\"image-box.default\">\n\t\t\t\t\t<div class=\"elementor-image-box-wrapper\"><figure class=\"elementor-image-box-img\"><img decoding=\"async\" width=\"900\" height=\"645\" src=\"https:\/\/bigyoka.hu\/wp-content\/uploads\/2026\/02\/kutyaiskola_bigyoka_vac.jpg\" class=\"elementor-animation-grow attachment-full size-full wp-image-62\" alt=\"\" srcset=\"https:\/\/bigyoka.hu\/wp-content\/uploads\/2026\/02\/kutyaiskola_bigyoka_vac.jpg 900w, https:\/\/bigyoka.hu\/wp-content\/uploads\/2026\/02\/kutyaiskola_bigyoka_vac-300x215.jpg 300w, https:\/\/bigyoka.hu\/wp-content\/uploads\/2026\/02\/kutyaiskola_bigyoka_vac-768x550.jpg 768w\" sizes=\"(max-width: 900px) 100vw, 900px\" \/><\/figure><div class=\"elementor-image-box-content\"><h4 class=\"elementor-image-box-title\">Kutyaiskola, azaz Vas\u00e1rnapi foglalkoz\u00e1sok<br><\/h4><p class=\"elementor-image-box-description\">Vas\u00e1rnaponk\u00e9nt lehet\u0151s\u00e9get biztos\u00edtunk csoportos foglalkoz\u00e1son val\u00f3 r\u00e9szv\u00e9telre, ahol a kuty\u00e1k \u00e9s gazd\u00e1ik egy\u00fctt tanulhatnak, gyakorolhatnak \u00e9s fejl\u0151dhetnek. A foglalkoz\u00e1sok k\u00f6tetlen hangulatban zajlanak, tapasztalt kik\u00e9pz\u0151 vezet\u00e9s\u00e9vel, a kuty\u00e1k ig\u00e9nyeihez \u00e9s a gazdik tud\u00e1sszintj\u00e9hez igazodva. A c\u00e9l nem a vizsg\u00e1ra k\u00e9sz\u00fcl\u00e9s, hanem a harmonikus egy\u00fctt\u00e9l\u00e9s, a jobb meg\u00e9rt\u00e9s \u00e9s a magabiztosabb mindennapok.<\/p><\/div><\/div>\t\t\t\t<\/div>\n\t\t\t\t<\/div>\n\t\t\t\t<div class=\"elementor-element elementor-element-33e86e03 elementor-align-center elementor-widget__width-inherit elementor-invisible elementor-widget elementor-widget-button\" data-id=\"33e86e03\" data-element_type=\"widget\" data-e-type=\"widget\" data-settings=\"{&quot;_animation&quot;:&quot;fadeInDown&quot;}\" data-widget_type=\"button.default\">\n\t\t\t\t\t\t\t\t\t\t<a class=\"elementor-button elementor-button-link elementor-size-sm\" href=\"https:\/\/bigyoka.hu\/index.php\/szolgaltatasok-kutyaiskola-kutyapanzio-vac\/\">\n\t\t\t\t\t\t<span class=\"elementor-button-content-wrapper\">\n\t\t\t\t\t\t\t\t\t<span class=\"elementor-button-text\">Ir\u00e1ny a r\u00e9szletek<\/span>\n\t\t\t\t\t<\/span>\n\t\t\t\t\t<\/a>\n\t\t\t\t\t\t\t\t<\/div>\n\t\t\t\t\t<\/div>\n\t\t\t\t<\/div>\n\t\t<div class=\"elementor-element elementor-element-2b03c396 e-flex e-con-boxed e-con e-parent\" data-id=\"2b03c396\" data-element_type=\"container\" data-e-type=\"container\" id=\"next\">\n\t\t\t\t\t<div class=\"e-con-inner\">\n\t\t\t\t<div class=\"elementor-element elementor-element-32bd412c elementor-widget elementor-widget-heading\" data-id=\"32bd412c\" data-element_type=\"widget\" data-e-type=\"widget\" data-widget_type=\"heading.default\">\n\t\t\t\t\t<h2 class=\"elementor-heading-title elementor-size-default\">Amit\u0151l a Bigy\u00f3ka t\u00f6bb, mint egy panzi\u00f3<\/h2>\t\t\t\t<\/div>\n\t\t<div class=\"elementor-element elementor-element-2230900 e-con-full e-flex e-con e-child\" data-id=\"2230900\" data-element_type=\"container\" data-e-type=\"container\">\n\t\t<div class=\"elementor-element elementor-element-3422c57e e-con-full e-flex e-con e-child\" data-id=\"3422c57e\" data-element_type=\"container\" data-e-type=\"container\" data-settings=\"{&quot;background_background&quot;:&quot;classic&quot;}\">\n\t\t\t\t<div class=\"elementor-element elementor-element-161e2824 elementor-widget elementor-widget-heading\" data-id=\"161e2824\" data-element_type=\"widget\" data-e-type=\"widget\" data-widget_type=\"heading.default\">\n\t\t\t\t\t<h4 class=\"elementor-heading-title elementor-size-default\">24 \u00f3r\u00e1s fel\u00fcgyelet<\/h4>\t\t\t\t<\/div>\n\t\t\t\t<div class=\"elementor-element elementor-element-470c3885 elementor-widget-divider--view-line elementor-widget elementor-widget-divider\" data-id=\"470c3885\" data-element_type=\"widget\" data-e-type=\"widget\" data-widget_type=\"divider.default\">\n\t\t\t\t\t\t\t<div class=\"elementor-divider\">\n\t\t\t<span class=\"elementor-divider-separator\">\n\t\t\t\t\t\t<\/span>\n\t\t<\/div>\n\t\t\t\t\t\t<\/div>\n\t\t\t\t<div class=\"elementor-element elementor-element-2412c2d4 elementor-widget elementor-widget-text-editor\" data-id=\"2412c2d4\" data-element_type=\"widget\" data-e-type=\"widget\" data-widget_type=\"text-editor.default\">\n\t\t\t\t\t\t\t\t\t<p>A n\u00e1lunk l\u00e9v\u0151 kuty\u00e1k soha nincsenek egyed\u00fcl &#8211; folyamatos jelenl\u00e9ttel figyel\u00fcnk r\u00e1juk, nappal \u00e9s \u00e9jszaka is.<\/p>\t\t\t\t\t\t\t\t<\/div>\n\t\t\t\t<\/div>\n\t\t<div class=\"elementor-element elementor-element-3c11ef1e e-con-full e-flex e-con e-child\" data-id=\"3c11ef1e\" data-element_type=\"container\" data-e-type=\"container\" data-settings=\"{&quot;background_background&quot;:&quot;classic&quot;}\">\n\t\t\t\t<div class=\"elementor-element elementor-element-4b81fa04 elementor-widget elementor-widget-heading\" data-id=\"4b81fa04\" data-element_type=\"widget\" data-e-type=\"widget\" data-widget_type=\"heading.default\">\n\t\t\t\t\t<h4 class=\"elementor-heading-title elementor-size-default\">Kisebb csoportok<\/h4>\t\t\t\t<\/div>\n\t\t\t\t<div class=\"elementor-element elementor-element-78cbc431 elementor-widget-divider--view-line elementor-widget elementor-widget-divider\" data-id=\"78cbc431\" data-element_type=\"widget\" data-e-type=\"widget\" data-widget_type=\"divider.default\">\n\t\t\t\t\t\t\t<div class=\"elementor-divider\">\n\t\t\t<span class=\"elementor-divider-separator\">\n\t\t\t\t\t\t<\/span>\n\t\t<\/div>\n\t\t\t\t\t\t<\/div>\n\t\t\t\t<div class=\"elementor-element elementor-element-232fd491 elementor-widget elementor-widget-text-editor\" data-id=\"232fd491\" data-element_type=\"widget\" data-e-type=\"widget\" data-widget_type=\"text-editor.default\">\n\t\t\t\t\t\t\t\t\t<p>Figyel\u00fcnk a kuty\u00e1k habitus\u00e1ra, hogy mindenki a sz\u00e1m\u00e1ra megfelel\u0151 t\u00e1rsas\u00e1gba ker\u00fclj\u00f6n.<\/p>\t\t\t\t\t\t\t\t<\/div>\n\t\t\t\t<\/div>\n\t\t<div class=\"elementor-element elementor-element-896f1cc e-con-full e-flex e-con e-child\" data-id=\"896f1cc\" data-element_type=\"container\" data-e-type=\"container\" data-settings=\"{&quot;background_background&quot;:&quot;classic&quot;}\">\n\t\t\t\t<div class=\"elementor-element elementor-element-74b1013b elementor-widget elementor-widget-heading\" data-id=\"74b1013b\" data-element_type=\"widget\" data-e-type=\"widget\" data-widget_type=\"heading.default\">\n\t\t\t\t\t<h4 class=\"elementor-heading-title elementor-size-default\">T\u00e1gas, biztons\u00e1gos ter\u00fclet<\/h4>\t\t\t\t<\/div>\n\t\t\t\t<div class=\"elementor-element elementor-element-270665e5 elementor-widget-divider--view-line elementor-widget elementor-widget-divider\" data-id=\"270665e5\" data-element_type=\"widget\" data-e-type=\"widget\" data-widget_type=\"divider.default\">\n\t\t\t\t\t\t\t<div class=\"elementor-divider\">\n\t\t\t<span class=\"elementor-divider-separator\">\n\t\t\t\t\t\t<\/span>\n\t\t<\/div>\n\t\t\t\t\t\t<\/div>\n\t\t\t\t<div class=\"elementor-element elementor-element-75779c0f elementor-widget elementor-widget-text-editor\" data-id=\"75779c0f\" data-element_type=\"widget\" data-e-type=\"widget\" data-widget_type=\"text-editor.default\">\n\t\t\t\t\t\t\t\t\t<p>1500 nm z\u00e1rt ter\u00fclet a szabad mozg\u00e1shoz, j\u00e1t\u00e9khoz \u00e9s a nyugodt pihen\u00e9shez.<\/p>\t\t\t\t\t\t\t\t<\/div>\n\t\t\t\t<\/div>\n\t\t<div class=\"elementor-element elementor-element-28ff6772 e-con-full e-flex e-con e-child\" data-id=\"28ff6772\" data-element_type=\"container\" data-e-type=\"container\" data-settings=\"{&quot;background_background&quot;:&quot;classic&quot;}\">\n\t\t\t\t<div class=\"elementor-element elementor-element-1321d88d elementor-widget elementor-widget-heading\" data-id=\"1321d88d\" data-element_type=\"widget\" data-e-type=\"widget\" data-widget_type=\"heading.default\">\n\t\t\t\t\t<h4 class=\"elementor-heading-title elementor-size-default\">Tapasztalt kik\u00e9pz\u0151i h\u00e1tt\u00e9r<\/h4>\t\t\t\t<\/div>\n\t\t\t\t<div class=\"elementor-element elementor-element-29ec59de elementor-widget-divider--view-line elementor-widget elementor-widget-divider\" data-id=\"29ec59de\" data-element_type=\"widget\" data-e-type=\"widget\" data-widget_type=\"divider.default\">\n\t\t\t\t\t\t\t<div class=\"elementor-divider\">\n\t\t\t<span class=\"elementor-divider-separator\">\n\t\t\t\t\t\t<\/span>\n\t\t<\/div>\n\t\t\t\t\t\t<\/div>\n\t\t\t\t<div class=\"elementor-element elementor-element-59b43337 elementor-widget elementor-widget-text-editor\" data-id=\"59b43337\" data-element_type=\"widget\" data-e-type=\"widget\" data-widget_type=\"text-editor.default\">\n\t\t\t\t\t\t\t\t\t<p>Nemcsak fel\u00fcgyel\u00fcnk, hanem \u00e9rtj\u00fck is a kuty\u00e1k viselked\u00e9s\u00e9t \u00e9s jelz\u00e9seit.<\/p>\t\t\t\t\t\t\t\t<\/div>\n\t\t\t\t<\/div>\n\t\t\t\t<\/div>\n\t\t\t\t\t<\/div>\n\t\t\t\t<\/div>\n\t\t<div class=\"elementor-element elementor-element-4c3cac6b e-flex e-con-boxed e-con e-parent\" data-id=\"4c3cac6b\" data-element_type=\"container\" data-e-type=\"container\">\n\t\t\t\t\t<div class=\"e-con-inner\">\n\t\t<div class=\"elementor-element elementor-element-34530233 e-con-full e-flex e-con e-child\" data-id=\"34530233\" data-element_type=\"container\" data-e-type=\"container\" data-settings=\"{&quot;background_background&quot;:&quot;classic&quot;}\">\n\t\t\t\t<\/div>\n\t\t<div class=\"elementor-element elementor-element-38737bf9 e-con-full e-flex e-con e-child\" data-id=\"38737bf9\" data-element_type=\"container\" data-e-type=\"container\">\n\t\t\t\t<div class=\"elementor-element elementor-element-4fa4a666 elementor-widget elementor-widget-heading\" data-id=\"4fa4a666\" data-element_type=\"widget\" data-e-type=\"widget\" data-widget_type=\"heading.default\">\n\t\t\t\t\t<h2 class=\"elementor-heading-title elementor-size-default\">Sz\u0151cs M\u00f3nika \u2013 Bigy\u00f3ka<\/h2>\t\t\t\t<\/div>\n\t\t\t\t<div class=\"elementor-element elementor-element-3e691c69 elementor-widget elementor-widget-text-editor\" data-id=\"3e691c69\" data-element_type=\"widget\" data-e-type=\"widget\" data-widget_type=\"text-editor.default\">\n\t\t\t\t\t\t\t\t\t<p>Gyerekkorom \u00f3ta a kuty\u00e1k hat\u00e1rozz\u00e1k meg az \u00e9letemet. Sz\u00e1momra a vel\u00fck val\u00f3 munka nem csup\u00e1n hivat\u00e1s, hanem \u00e9letforma. 1993-ban tettem sikeres kik\u00e9pz\u00e9svezet\u0151i vizsg\u00e1t, 2009 \u00f3ta pedig a Bigy\u00f3ka Kutyaiskola vezet\u0151jek\u00e9nt dolgozom.<\/p><p>T\u00f6bb kuty\u00e1mmal is magas szinten versenyzem Obedience \u00e9s Rally Obedience sport\u00e1gakban, ahol orsz\u00e1gos bajnoki c\u00edmeket \u00e9s nemzetk\u00f6zi eredm\u00e9nyeket \u00e9rt\u00fcnk el. 2020 \u00f3ta Rally Obedience teljes\u00edtm\u00e9nyb\u00edr\u00f3k\u00e9nt is tev\u00e9kenykedem.<\/p><p>A c\u00e9lom mindig ugyanaz: tudatos, harmonikus kapcsolat kialak\u00edt\u00e1sa kutya \u00e9s gazd\u00e1ja k\u00f6z\u00f6tt &#8211; biztons\u00e1gban, k\u00f6vetkezetesen, m\u00e9gis \u00f6r\u00f6mmel.<\/p>\t\t\t\t\t\t\t\t<\/div>\n\t\t\t\t<div class=\"elementor-element elementor-element-177f164e elementor-mobile-align-center elementor-tablet-align-center elementor-invisible elementor-widget elementor-widget-button\" data-id=\"177f164e\" data-element_type=\"widget\" data-e-type=\"widget\" data-settings=\"{&quot;_animation&quot;:&quot;fadeIn&quot;}\" data-widget_type=\"button.default\">\n\t\t\t\t\t\t\t\t\t\t<a class=\"elementor-button elementor-button-link elementor-size-sm\" href=\"https:\/\/bigyoka.hu\/index.php\/rolunk-szocs-monika\/\">\n\t\t\t\t\t\t<span class=\"elementor-button-content-wrapper\">\n\t\t\t\t\t\t\t\t\t<span class=\"elementor-button-text\">Tov\u00e1bb<\/span>\n\t\t\t\t\t<\/span>\n\t\t\t\t\t<\/a>\n\t\t\t\t\t\t\t\t<\/div>\n\t\t\t\t<\/div>\n\t\t\t\t\t<\/div>\n\t\t\t\t<\/div>\n\t\t<div class=\"elementor-element elementor-element-b9189c5 e-flex e-con-boxed e-con e-parent\" data-id=\"b9189c5\" data-element_type=\"container\" data-e-type=\"container\">\n\t\t\t\t\t<div class=\"e-con-inner\">\n\t\t<div class=\"elementor-element elementor-element-6cfc771 e-con-full e-flex e-con e-child\" data-id=\"6cfc771\" data-element_type=\"container\" data-e-type=\"container\">\n\t\t\t\t<div class=\"elementor-element elementor-element-d98e75d elementor-widget elementor-widget-heading\" data-id=\"d98e75d\" data-element_type=\"widget\" data-e-type=\"widget\" data-widget_type=\"heading.default\">\n\t\t\t\t\t<h2 class=\"elementor-heading-title elementor-size-default\">Egy sport, ami \u00f6sszek\u00f6t kuty\u00e1t \u00e9s gazd\u00e1t<\/h2>\t\t\t\t<\/div>\n\t\t\t\t<div class=\"elementor-element elementor-element-0d99a93 elementor-widget elementor-widget-text-editor\" data-id=\"0d99a93\" data-element_type=\"widget\" data-e-type=\"widget\" data-widget_type=\"text-editor.default\">\n\t\t\t\t\t\t\t\t\t<p>A Rally Obedience sz\u00e1momra t\u00f6bbet jelent egy versenysportn\u00e1l. Egy k\u00f6z\u00f6s nyelv, ahol a kutya \u00e9s a gazda egy\u00fctt gondolkodik, egy\u00fctt fejl\u0151dik. \u00c9vek \u00f3ta akt\u00edvan versenyzem ebben a sport\u00e1gban itthon \u00e9s k\u00fclf\u00f6ld\u00f6n, t\u00f6bb kuty\u00e1mmal is.<br \/>Ebben a r\u00e9szben megismerheted a Rally Obedience vil\u00e1g\u00e1t, a k\u00f6z\u00f6s eredm\u00e9nyeinket \u00e9s azokat a kuty\u00e1kat, akik n\u00e9lk\u00fcl mindez nem lenne teljes.<\/p>\t\t\t\t\t\t\t\t<\/div>\n\t\t\t\t<div class=\"elementor-element elementor-element-cedae6f elementor-mobile-align-center elementor-tablet-align-center elementor-invisible elementor-widget elementor-widget-button\" data-id=\"cedae6f\" data-element_type=\"widget\" data-e-type=\"widget\" data-settings=\"{&quot;_animation&quot;:&quot;fadeIn&quot;}\" data-widget_type=\"button.default\">\n\t\t\t\t\t\t\t\t\t\t<a class=\"elementor-button elementor-button-link elementor-size-sm\" href=\"https:\/\/bigyoka.hu\/index.php\/rally-obedience\/\">\n\t\t\t\t\t\t<span class=\"elementor-button-content-wrapper\">\n\t\t\t\t\t\t\t\t\t<span class=\"elementor-button-text\">Tov\u00e1bb<\/span>\n\t\t\t\t\t<\/span>\n\t\t\t\t\t<\/a>\n\t\t\t\t\t\t\t\t<\/div>\n\t\t\t\t<\/div>\n\t\t<div class=\"elementor-element elementor-element-91a36dc e-con-full e-flex e-con e-child\" data-id=\"91a36dc\" data-element_type=\"container\" data-e-type=\"container\" data-settings=\"{&quot;background_background&quot;:&quot;classic&quot;}\">\n\t\t\t\t<\/div>\n\t\t\t\t\t<\/div>\n\t\t\t\t<\/div>\n\t\t<div class=\"elementor-element elementor-element-76e9fb1 e-flex e-con-boxed e-con e-parent\" data-id=\"76e9fb1\" data-element_type=\"container\" data-e-type=\"container\">\n\t\t\t\t\t<div class=\"e-con-inner\">\n\t\t<div class=\"elementor-element elementor-element-f298967 e-con-full e-flex e-con e-child\" data-id=\"f298967\" data-element_type=\"container\" data-e-type=\"container\">\n\t\t\t\t<div class=\"elementor-element elementor-element-122bb67 elementor-widget elementor-widget-facebook-page\" data-id=\"122bb67\" data-element_type=\"widget\" data-e-type=\"widget\" data-widget_type=\"facebook-page.default\">\n\t\t\t\t\t<div class=\"elementor-facebook-widget fb-page\" data-href=\"https:\/\/www.facebook.com\/kutyasulivac\" data-tabs=\"timeline\" data-height=\"500px\" data-width=\"500px\" data-small-header=\"false\" data-hide-cover=\"false\" data-show-facepile=\"true\" data-hide-cta=\"false\" style=\"min-height: 1px;height:500px\"><\/div>\t\t\t\t<\/div>\n\t\t\t\t<\/div>\n\t\t\t\t\t<\/div>\n\t\t\t\t<\/div>\n\t\t\t\t<\/div>\n\t\t","protected":false},"excerpt":{"rendered":"<p>Ahol a kuty\u00e1d is otthon van Panzi\u00f3, napk\u00f6zi \u00e9s csoportos kutyaiskola gondoskod\u00e1ssal, figyelemmel \u00e9s szak\u00e9rtelemmel. Kapcsolat Mit k\u00edn\u00e1lunk a kuty\u00e1dnak? Szeretetteljes, biztons\u00e1gos k\u00f6rnyezetben gondoskodunk a r\u00e1nk b\u00edzott kuty\u00e1kr\u00f3l \u2013 legyen sz\u00f3 panzi\u00f3r\u00f3l, napk\u00f6zir\u0151l vagy k\u00f6z\u00f6s gyakorl\u00e1sr\u00f3l. Kutyapanzi\u00f3 &#8211; szeretettel \u00e9s odafigyel\u00e9ssel N\u00e1lunk a kuty\u00e1k nem csak fel\u00fcgyeletet kapnak, hanem t\u00f6r\u0151d\u00e9st is. 24 \u00f3r\u00e1s jelenl\u00e9ttel gondoskodunk [&hellip;]<\/p>\n","protected":false},"author":1,"featured_media":39,"parent":0,"menu_order":0,"comment_status":"closed","ping_status":"closed","template":"elementor_header_footer","meta":{"footnotes":""},"class_list":["post-34","page","type-page","status-publish","has-post-thumbnail","hentry"],"_links":{"self":[{"href":"https:\/\/bigyoka.hu\/index.php\/wp-json\/wp\/v2\/pages\/34","targetHints":{"allow":["GET"]}}],"collection":[{"href":"https:\/\/bigyoka.hu\/index.php\/wp-json\/wp\/v2\/pages"}],"about":[{"href":"https:\/\/bigyoka.hu\/index.php\/wp-json\/wp\/v2\/types\/page"}],"author":[{"embeddable":true,"href":"https:\/\/bigyoka.hu\/index.php\/wp-json\/wp\/v2\/users\/1"}],"replies":[{"embeddable":true,"href":"https:\/\/bigyoka.hu\/index.php\/wp-json\/wp\/v2\/comments?post=34"}],"version-history":[{"count":31,"href":"https:\/\/bigyoka.hu\/index.php\/wp-json\/wp\/v2\/pages\/34\/revisions"}],"predecessor-version":[{"id":241,"href":"https:\/\/bigyoka.hu\/index.php\/wp-json\/wp\/v2\/pages\/34\/revisions\/241"}],"wp:featuredmedia":[{"embeddable":true,"href":"https:\/\/bigyoka.hu\/index.php\/wp-json\/wp\/v2\/media\/39"}],"wp:attachment":[{"href":"https:\/\/bigyoka.hu\/index.php\/wp-json\/wp\/v2\/media?parent=34"}],"curies":[{"name":"wp","href":"https:\/\/api.w.org\/{rel}","templated":true}]}}