{"id":29,"date":"2026-02-22T08:51:32","date_gmt":"2026-02-22T08:51:32","guid":{"rendered":"https:\/\/bigyoka.hu\/index.php\/our-story\/"},"modified":"2026-03-08T17:25:36","modified_gmt":"2026-03-08T17:25:36","slug":"rolunk-szocs-monika","status":"publish","type":"page","link":"https:\/\/bigyoka.hu\/index.php\/rolunk-szocs-monika\/","title":{"rendered":"R\u00f3lunk"},"content":{"rendered":"\t\t<div data-elementor-type=\"wp-page\" data-elementor-id=\"29\" class=\"elementor elementor-29\" data-elementor-post-type=\"page\">\n\t\t\t\t<div class=\"elementor-element elementor-element-47a8853c e-con-full e-flex e-con e-parent\" data-id=\"47a8853c\" data-element_type=\"container\" data-e-type=\"container\">\n\t\t<div class=\"elementor-element elementor-element-17565af1 e-con-full e-flex e-con e-child\" data-id=\"17565af1\" data-element_type=\"container\" data-e-type=\"container\" data-settings=\"{&quot;background_background&quot;:&quot;classic&quot;}\">\n\t\t\t\t<\/div>\n\t\t<div class=\"elementor-element elementor-element-8734fb e-con-full e-flex e-con e-child\" data-id=\"8734fb\" data-element_type=\"container\" data-e-type=\"container\">\n\t\t\t\t<div class=\"elementor-element elementor-element-12836e92 elementor-widget elementor-widget-heading\" data-id=\"12836e92\" data-element_type=\"widget\" data-e-type=\"widget\" data-widget_type=\"heading.default\">\n\t\t\t\t\t<h6 class=\"elementor-heading-title elementor-size-default\"><span style=\"font-weight: bolder;letter-spacing: normal;text-transform: none\">Obedience \u00e9s Rally Obedience tr\u00e9ner<\/span><\/h6>\t\t\t\t<\/div>\n\t\t\t\t<div class=\"elementor-element elementor-element-3fd0410 elementor-widget elementor-widget-heading\" data-id=\"3fd0410\" data-element_type=\"widget\" data-e-type=\"widget\" data-widget_type=\"heading.default\">\n\t\t\t\t\t<h1 class=\"elementor-heading-title elementor-size-default\">Sz\u0151cs M\u00f3nika<\/h1>\t\t\t\t<\/div>\n\t\t\t\t<div class=\"elementor-element elementor-element-662ba29b elementor-invisible elementor-widget elementor-widget-text-editor\" data-id=\"662ba29b\" data-element_type=\"widget\" data-e-type=\"widget\" data-settings=\"{&quot;_animation&quot;:&quot;fadeIn&quot;,&quot;_animation_delay&quot;:400}\" data-widget_type=\"text-editor.default\">\n\t\t\t\t\t\t\t\t\t<section><header><h1><strong style=\"font-size: 16px;\">Obedience \u00e9s Rally Obedience tr\u00e9ner<\/strong><\/h1><p>Rally Obedience teljes\u00edtm\u00e9nyb\u00edr\u00f3, seg\u00e9db\u00edr\u00f3<\/p><\/header><p>Sz\u0151cs M\u00f3ni vagyok. Gyerekkorom \u00f3ta az \u00e9letem meghat\u00e1roz\u00f3 r\u00e9szei a kuty\u00e1k;\u00a0nem csup\u00e1n hobbik\u00e9nt, hanem \u00e9letformak\u00e9nt tekintek a vel\u00fck val\u00f3 k\u00f6z\u00f6s munk\u00e1ra.<\/p><p>Jelenleg t\u00f6bb kuty\u00e1mmal \u00e9lek egy\u00fctt, akikkel magas szinten versenyz\u00fcnk\u00a0Obedience \u00e9s Rally Obedience sport\u00e1gakban.<\/p><\/section><section><h2>Szakmai utam<\/h2><p>A kuty\u00e1k ir\u00e1nti szeretetem m\u00e1r gyermekkoromban elkezd\u0151d\u00f6tt,<br \/>\u00e9s fiatalon versenyszer\u0171en foglalkoztam kuty\u00e1s sportokkal.<\/p><ul><li><strong>1993<\/strong> \u2013 Sikeres kik\u00e9pz\u00e9svezet\u0151i vizsga (MEOE)<\/li><li><strong>2009<\/strong> \u2013 A Bigy\u00f3ka Kutyaiskola vezet\u00e9se<\/li><li><strong>2017<\/strong> \u2013 Obedience sport megismer\u00e9se<\/li><li><strong>2018<\/strong> \u2013 Rally Obedience sport megismer\u00e9se<\/li><\/ul><p>A folyamatos fejl\u0151d\u00e9s sz\u00e1momra alapelv. T\u00f6bb orsz\u00e1gban versenyeztem,\u00a0tanultam \u00e9s betekint\u00e9st nyertem a versenyszervez\u00e9s \u00e9s a b\u00edr\u00f3i munka folyamataiba is.<\/p><h3>Szakmai m\u00e9rf\u00f6ldk\u00f6vek<\/h3><ul><li><strong>2019<\/strong> \u2013 Obedience \u00e9s Rally Obedience seg\u00e9db\u00edr\u00f3i k\u00e9pes\u00edt\u00e9s<\/li><li><strong>2020<\/strong> \u2013 Rally Obedience teljes\u00edtm\u00e9nyb\u00edr\u00f3i vizsga<\/li><\/ul><p>Rally Obedience edz\u0151k\u00e9nt feln\u0151tt \u00e9s junior tan\u00edtv\u00e1nyaim FCI oszt\u00e1lyban is\u00a0eredm\u00e9nyesen versenyeznek.<\/p><ul><li><strong>2023<\/strong> \u2013 Sportol\u00f3i kit\u00fcntet\u00e9s az Obedience sportban ny\u00fajtott teljes\u00edtm\u00e9ny\u00e9rt (MEOESZ).<\/li><li><strong>2026<\/strong> &#8211; Sportol\u00f3i kit\u00fcntet\u00e9s az FCI Rally Obedience sportban el\u00e9rt 2025 \u00e9vben el\u00e9rt kimagasl\u00f3 nemzetk\u00f6zi eredm\u00e9nyek elismer\u00e9sek\u00e9nt (MEOESZ)<\/li><\/ul><\/section><section><h2>Kiemelt eredm\u00e9nyeim<\/h2><h3>NON PLUS ULTRA OF SILENT STORM &#8222;Nitro&#8221;<\/h3><ul><li>European Open Obedience \u2013 1. hely (308,5 pont) \u2013 Eur\u00f3pa Bajnok<\/li><li>2023 FCI Obedience Vil\u00e1gbajnoks\u00e1g \u2013 Oviedo, Spanyolorsz\u00e1g<\/li><li>FCI Rally Obedience Vil\u00e1gbajnoks\u00e1g 2024 \u2013 Finnorsz\u00e1g (v\u00e1logatott csapattag)<\/li><\/ul><h3>DESH<\/h3><ul><li>Els\u0151 magyar teljes\u00edt\u00e9s Rally Obedience 3-as oszt\u00e1lyban (Ausztria)<\/li><li>2024 Rally Obedience Orsz\u00e1gos Bajnoks\u00e1g \u2013 1. hely (Orsz\u00e1gos Bajnok)<\/li><li>T\u00f6bb nemzetk\u00f6zi gy\u0151zelem Ausztri\u00e1ban<\/li><\/ul><h3>KENTUCKY AT REAL PEARL KENY<\/h3><ul><li>Rally Obedience Senior \u2013 Orsz\u00e1gos Bajnok<\/li><li>T\u00f6bbsz\u00f6r\u00f6s nemzetk\u00f6zi 1. helyez\u00e9s<\/li><\/ul><h3>FIREWORK HILL KEEN WIN<\/h3><ul><li>FCI Rally Obedience Vil\u00e1gbajnoks\u00e1g 2024 \u2013 csapattag<\/li><li>T\u00f6bb hazai \u00e9s nemzetk\u00f6zi dobog\u00f3s helyez\u00e9s<\/li><\/ul><h3>MIND THE DOG JEKO<\/h3><ul><li>2024 FCI Rally Obedience Vil\u00e1gbajnoks\u00e1g \u2013 csapattag<\/li><li>Orsz\u00e1gos Bajnoks\u00e1g \u2013 100\/100 pont<\/li><\/ul><h3>MIND THE DOG NIPPON FOCUS<\/h3><ul><li>2024 Rally Obedience Orsz\u00e1gos Bajnoks\u00e1g \u2013 1. hely (Orsz\u00e1gos Bajnok)<\/li><li>T\u00f6bb FCI \u00e9s nemzetk\u00f6zi dobog\u00f3s helyez\u00e9s<\/li><\/ul><div>\u00a0<\/div><p>Rally Obedience sportban \u00f6sszesen <strong>4 alkalommal Orsz\u00e1gos Bajnok<\/strong><br \/>c\u00edmet szerezt\u00fcnk.<\/p><\/section>\t\t\t\t\t\t\t\t<\/div>\n\t\t\t\t<\/div>\n\t\t\t\t<\/div>\n\t\t<div class=\"elementor-element elementor-element-5f10506c e-con-full e-flex e-con e-parent\" data-id=\"5f10506c\" data-element_type=\"container\" data-e-type=\"container\" data-settings=\"{&quot;background_background&quot;:&quot;classic&quot;}\">\n\t\t\t\t<div class=\"elementor-element elementor-element-7fd254af elementor-widget__width-initial elementor-invisible elementor-widget elementor-widget-heading\" data-id=\"7fd254af\" data-element_type=\"widget\" data-e-type=\"widget\" data-settings=\"{&quot;_animation&quot;:&quot;fadeIn&quot;}\" data-widget_type=\"heading.default\">\n\t\t\t\t\t<h2 class=\"elementor-heading-title elementor-size-default\">Kuty\u00e1im a p\u00e1ly\u00e1n \u00e9s azon t\u00fal<\/h2>\t\t\t\t<\/div>\n\t\t\t\t<\/div>\n\t\t<div class=\"elementor-element elementor-element-52df73f7 e-flex e-con-boxed e-con e-parent\" data-id=\"52df73f7\" data-element_type=\"container\" data-e-type=\"container\" data-settings=\"{&quot;background_background&quot;:&quot;classic&quot;}\">\n\t\t\t\t\t<div class=\"e-con-inner\">\n\t\t\t\t<div class=\"elementor-element elementor-element-1239a57c elementor-widget-tablet__width-initial elementor-widget-mobile__width-inherit elementor-widget__width-initial elementor-position-top elementor-widget elementor-widget-image-box\" data-id=\"1239a57c\" data-element_type=\"widget\" data-e-type=\"widget\" data-settings=\"{&quot;motion_fx_motion_fx_scrolling&quot;:&quot;yes&quot;,&quot;motion_fx_translateY_effect&quot;:&quot;yes&quot;,&quot;motion_fx_translateY_speed&quot;:{&quot;unit&quot;:&quot;px&quot;,&quot;size&quot;:1,&quot;sizes&quot;:[]},&quot;motion_fx_translateY_affectedRange&quot;:{&quot;unit&quot;:&quot;%&quot;,&quot;size&quot;:&quot;&quot;,&quot;sizes&quot;:{&quot;start&quot;:0,&quot;end&quot;:49}},&quot;motion_fx_devices&quot;:[&quot;desktop&quot;]}\" data-widget_type=\"image-box.default\">\n\t\t\t\t\t<div class=\"elementor-image-box-wrapper\"><figure class=\"elementor-image-box-img\"><img fetchpriority=\"high\" decoding=\"async\" width=\"1440\" height=\"1080\" src=\"https:\/\/bigyoka.hu\/wp-content\/uploads\/2026\/03\/Kentucky-at-Real-Pearl-KENY-.jpg\" class=\"attachment-full size-full wp-image-222\" alt=\"\" srcset=\"https:\/\/bigyoka.hu\/wp-content\/uploads\/2026\/03\/Kentucky-at-Real-Pearl-KENY-.jpg 1440w, https:\/\/bigyoka.hu\/wp-content\/uploads\/2026\/03\/Kentucky-at-Real-Pearl-KENY--300x225.jpg 300w, https:\/\/bigyoka.hu\/wp-content\/uploads\/2026\/03\/Kentucky-at-Real-Pearl-KENY--1024x768.jpg 1024w, https:\/\/bigyoka.hu\/wp-content\/uploads\/2026\/03\/Kentucky-at-Real-Pearl-KENY--768x576.jpg 768w\" sizes=\"(max-width: 1440px) 100vw, 1440px\" \/><\/figure><div class=\"elementor-image-box-content\"><h3 class=\"elementor-image-box-title\">Kentucky at Real Pearl KENY <\/h3><p class=\"elementor-image-box-description\">Fajt\u00e1ja Border Collie \n2010.10.17-en sz\u00fcletett egy magyar kennelben.\nT\u00f6k\u00e9letes csal\u00e1di ter\u00e1pi\u00e1s \u00e9s sportkutya.\nKeny-vel t\u00f6bb megh\u00edv\u00e1sot kaptunk iskol\u00e1kba, \u00f3vod\u00e1kba, gyermekt\u00e1borokba ahol feladatunk volt a felel\u0151s \u00e1llattart\u00e1sra val\u00f3 nevel\u00e9s felh\u00edv\u00e1s. Gyerekek feln\u0151ttek egyar\u00e1nt im\u00e1dt\u00e1k, rendk\u00edv\u00fcl term\u00e9szete, kedvess\u00e9g \u00e9s tud\u00e1sa mindenkit elvar\u00e1zsolt.\nEgyszer csak gondoltam egyet - mi\u00e9rt ne pr\u00f3b\u00e1ljuk ki magunkat a versenysportban is?\nNem okozott csal\u00f3d\u00e1st sz\u00e1mtalan magyar \u00e9s k\u00fclf\u00f6ldi versenyen \u00e1lltunk a dobog\u00f3ra.\nSajnos viszonylag kor\u00e1n befejezte az akt\u00edv kor\u00e1t\n 9 \u00e9vesen egy rosszindulat\u00fa b\u0151r daganatot diagnosztiz\u00e1ltak n\u00e1la, amit szerencs\u00e9re siker\u00fclt meg\u00e1ll\u00edtani.\nAz\u00f3ta t\u00fal van k\u00e9t agyv\u00e9rz\u00e9sen, de - csodakuty\u00e1m - mert \u00edgy h\u00edvjuk sz\u00e9pkor\u00e1t \u00e9li vel\u00fcnk \u2665\ufe0f<\/p><\/div><\/div>\t\t\t\t<\/div>\n\t\t\t\t<div class=\"elementor-element elementor-element-5bd3bd74 elementor-widget-tablet__width-initial elementor-widget-mobile__width-inherit elementor-widget__width-initial elementor-position-top elementor-widget elementor-widget-image-box\" data-id=\"5bd3bd74\" data-element_type=\"widget\" data-e-type=\"widget\" data-settings=\"{&quot;motion_fx_motion_fx_scrolling&quot;:&quot;yes&quot;,&quot;motion_fx_translateY_effect&quot;:&quot;yes&quot;,&quot;motion_fx_translateY_direction&quot;:&quot;negative&quot;,&quot;motion_fx_translateY_speed&quot;:{&quot;unit&quot;:&quot;px&quot;,&quot;size&quot;:0.5,&quot;sizes&quot;:[]},&quot;motion_fx_translateY_affectedRange&quot;:{&quot;unit&quot;:&quot;%&quot;,&quot;size&quot;:&quot;&quot;,&quot;sizes&quot;:{&quot;start&quot;:0,&quot;end&quot;:50}},&quot;motion_fx_devices&quot;:[&quot;desktop&quot;]}\" data-widget_type=\"image-box.default\">\n\t\t\t\t\t<div class=\"elementor-image-box-wrapper\"><figure class=\"elementor-image-box-img\"><img decoding=\"async\" width=\"699\" height=\"960\" src=\"https:\/\/bigyoka.hu\/wp-content\/uploads\/2026\/03\/desh.jpg\" class=\"attachment-full size-full wp-image-223\" alt=\"\" srcset=\"https:\/\/bigyoka.hu\/wp-content\/uploads\/2026\/03\/desh.jpg 699w, https:\/\/bigyoka.hu\/wp-content\/uploads\/2026\/03\/desh-218x300.jpg 218w\" sizes=\"(max-width: 699px) 100vw, 699px\" \/><\/figure><div class=\"elementor-image-box-content\"><h3 class=\"elementor-image-box-title\">Desh<\/h3><p class=\"elementor-image-box-description\">2015.05.07-\u00e9n sz\u00fcletett sz\u00fclei border collie-k mivel neki nincs t\u00f6rzsk\u00f6nyve \u00edgy hivatalosan border jelleg\u0171 kutya.\n9 h\u00f3napos kor\u00e1ban ker\u00fclt hozz\u00e1m, el\u0151tte el\u00e9g h\u00e1nyatott sorsa volt.\nT\u00f6bb \"gazd\u00e1ja\" nem tudott mit kezdeni term\u00e9szet\u00e9vel aktivit\u00e1s\u00e1val nem tal\u00e1ltak k\u00f6z\u00f6s hangot.\n\u00c9n els\u0151 l\u00e1t\u00e1sra beleszerettem\u2665\ufe0f Im\u00e1dtam hogy ilyen lelkes ennyire akar. Nem kellett m\u00e1s mint a benne rejl\u0151 fantasztikus k\u00e9pess\u00e9get kiakn\u00e1zni \u00e9s megfelel\u0151 tudatos edz\u00e9stervvel egy bajnokot k\u00e9pezni bel\u0151le.\nAz els\u0151 magyar kutya aki rally obedience sportban 2020-ban Ausztri\u00e1ban deb\u00fct\u00e1lt az RO 3 oszt\u00e1lyban. T\u00f6bbsz\u00f6r\u00f6s dobog\u00f3s helyez\u00e9se k\u00f6z\u00fcl emeln\u00e9m ki az Rally Obedienc Orsz\u00e1gos Bajnoki \u00e9s Eur\u00f3pa bajnoki helyezett c\u00edmeket.\n2025 \u00e9v v\u00e9g\u00e9n befejezte  sportos \u00e9let\u00e9t, jelenleg nyugd\u00edjas, de kor\u00e1nak megfelel\u0151 akt\u00edv \u00e9let\u00e9t t\u00f6lti.<\/p><\/div><\/div>\t\t\t\t<\/div>\n\t\t\t\t<div class=\"elementor-element elementor-element-4ceedb9a elementor-widget-tablet__width-initial elementor-widget-mobile__width-inherit elementor-widget__width-initial elementor-position-top elementor-widget elementor-widget-image-box\" data-id=\"4ceedb9a\" data-element_type=\"widget\" data-e-type=\"widget\" data-settings=\"{&quot;motion_fx_motion_fx_scrolling&quot;:&quot;yes&quot;,&quot;motion_fx_translateY_effect&quot;:&quot;yes&quot;,&quot;motion_fx_translateY_speed&quot;:{&quot;unit&quot;:&quot;px&quot;,&quot;size&quot;:1,&quot;sizes&quot;:[]},&quot;motion_fx_translateY_affectedRange&quot;:{&quot;unit&quot;:&quot;%&quot;,&quot;size&quot;:&quot;&quot;,&quot;sizes&quot;:{&quot;start&quot;:0,&quot;end&quot;:49}},&quot;motion_fx_devices&quot;:[&quot;desktop&quot;]}\" data-widget_type=\"image-box.default\">\n\t\t\t\t\t<div class=\"elementor-image-box-wrapper\"><figure class=\"elementor-image-box-img\"><img decoding=\"async\" width=\"1536\" height=\"2048\" src=\"https:\/\/bigyoka.hu\/wp-content\/uploads\/2026\/03\/Non-Plus-Ultra-of-Silent-Storm-NITRO-Border-Collie.jpg\" class=\"attachment-full size-full wp-image-224\" alt=\"\" srcset=\"https:\/\/bigyoka.hu\/wp-content\/uploads\/2026\/03\/Non-Plus-Ultra-of-Silent-Storm-NITRO-Border-Collie.jpg 1536w, https:\/\/bigyoka.hu\/wp-content\/uploads\/2026\/03\/Non-Plus-Ultra-of-Silent-Storm-NITRO-Border-Collie-225x300.jpg 225w, https:\/\/bigyoka.hu\/wp-content\/uploads\/2026\/03\/Non-Plus-Ultra-of-Silent-Storm-NITRO-Border-Collie-768x1024.jpg 768w, https:\/\/bigyoka.hu\/wp-content\/uploads\/2026\/03\/Non-Plus-Ultra-of-Silent-Storm-NITRO-Border-Collie-1152x1536.jpg 1152w\" sizes=\"(max-width: 1536px) 100vw, 1536px\" \/><\/figure><div class=\"elementor-image-box-content\"><h3 class=\"elementor-image-box-title\">Non Plus Ultra of Silent Storm \"NITRO\" (Border Collie)<\/h3><p class=\"elementor-image-box-description\">\u200bNitro 2018. \u00e1prilis 18-\u00e1n sz\u00fcletett N\u00e9metorsz\u00e1g egyik neves kennel\u00e9ben, ahonnan sz\u00e1mtalan kiv\u00e1l\u00f3 sportkutya sz\u00e1rmazik. \nApja k\u00e9tszeres Obedience vil\u00e1gbajnok, akit\u0151l Nitro hihetetlen energi\u00e1t, kiemelked\u0151 munkab\u00edr\u00e1st, \u00e9s precizit\u00e1st \u00f6r\u00f6k\u00f6lt.\n\u200bKiemelked\u0151 eredm\u00e9nyei:\n\u200bEuropean Open Obedience: Az els\u0151 magyark\u00e9nt \u00e1llhatott a dobog\u00f3 legfels\u0151 fok\u00e1ra.\nMagyar \u200bObedience Vil\u00e1gbajnok csapattag.\n\n\u200bRally Obedience: Ausztri\u00e1ban szint\u00e9n az els\u0151 helyen v\u00e9gzett.\n\u200bNem csak rendk\u00edv\u00fcli munkak\u00e9pess\u00e9ge miatt t\u0171nik ki, hanem k\u00fcl\u00f6nleges, ritka tigriscs\u00edkos sz\u00edne miatt is. Leny\u0171g\u00f6z\u0151 szem\u00e9lyis\u00e9ge \u00e9s megjelen\u00e9se mindenkit levesz a l\u00e1b\u00e1r\u00f3l \u2013 Nitro egyszer\u0171en mindenki kedvence! \u2665\ufe0f<\/p><\/div><\/div>\t\t\t\t<\/div>\n\t\t\t\t<div class=\"elementor-element elementor-element-3a2c57aa elementor-widget-tablet__width-initial elementor-widget-mobile__width-inherit elementor-widget__width-initial elementor-position-top elementor-widget elementor-widget-image-box\" data-id=\"3a2c57aa\" data-element_type=\"widget\" data-e-type=\"widget\" data-settings=\"{&quot;motion_fx_motion_fx_scrolling&quot;:&quot;yes&quot;,&quot;motion_fx_translateY_effect&quot;:&quot;yes&quot;,&quot;motion_fx_translateY_direction&quot;:&quot;negative&quot;,&quot;motion_fx_translateY_speed&quot;:{&quot;unit&quot;:&quot;px&quot;,&quot;size&quot;:0.5,&quot;sizes&quot;:[]},&quot;motion_fx_translateY_affectedRange&quot;:{&quot;unit&quot;:&quot;%&quot;,&quot;size&quot;:&quot;&quot;,&quot;sizes&quot;:{&quot;start&quot;:0,&quot;end&quot;:49}},&quot;motion_fx_devices&quot;:[&quot;desktop&quot;]}\" data-widget_type=\"image-box.default\">\n\t\t\t\t\t<div class=\"elementor-image-box-wrapper\"><figure class=\"elementor-image-box-img\"><img loading=\"lazy\" decoding=\"async\" width=\"1269\" height=\"2048\" src=\"https:\/\/bigyoka.hu\/wp-content\/uploads\/2026\/03\/Mind-The-Dog-Nippon-FOCUS.jpg\" class=\"attachment-full size-full wp-image-225\" alt=\"\" srcset=\"https:\/\/bigyoka.hu\/wp-content\/uploads\/2026\/03\/Mind-The-Dog-Nippon-FOCUS.jpg 1269w, https:\/\/bigyoka.hu\/wp-content\/uploads\/2026\/03\/Mind-The-Dog-Nippon-FOCUS-186x300.jpg 186w, https:\/\/bigyoka.hu\/wp-content\/uploads\/2026\/03\/Mind-The-Dog-Nippon-FOCUS-635x1024.jpg 635w, https:\/\/bigyoka.hu\/wp-content\/uploads\/2026\/03\/Mind-The-Dog-Nippon-FOCUS-768x1239.jpg 768w, https:\/\/bigyoka.hu\/wp-content\/uploads\/2026\/03\/Mind-The-Dog-Nippon-FOCUS-952x1536.jpg 952w\" sizes=\"(max-width: 1269px) 100vw, 1269px\" \/><\/figure><div class=\"elementor-image-box-content\"><h3 class=\"elementor-image-box-title\">Mind The Dog Nippon FOCUS<\/h3><p class=\"elementor-image-box-description\">december 18-\u00e1n sz\u00fcletett abban az olaszorsz\u00e1gi sportkutya kennelben, ahol Nitro apuk\u00e1ja \u00e9l, s\u0151t, \u0151 Focus nagypap\u00e1ja is, rokoni kapcsolat van Nitro \u00e9s Focus k\u00f6z\u00f6tt. Mondanom sem kell, hogy Focus kiv\u00e1l\u00f3 k\u00e9pess\u00e9gekkel rendelkezik. \u2764\ufe0f\nK\u00fcl\u00f6nleges kapcsolat van k\u00f6zt\u00fcnk: sz\u00e1m\u00e1ra csak \u00e9n l\u00e9tezem, \u00e9s \u00e9rtem mindenre k\u00e9pes. Rendk\u00edv\u00fcl gyorsan \u00e9s pontosan tanul; a munk\u00e1ban fegyelmezett, lelk\u00e9ben m\u00e9gis \u00f6r\u00f6k k\u00f6ly\u00f6k marad, aki mindig k\u00e9sz egy j\u00e1t\u00e9kkal felh\u00edvni mag\u00e1ra a figyelmet. Kimagasl\u00f3 munkak\u00e9pess\u00e9g\u00e9nek k\u00f6sz\u00f6nheti a sz\u00e1mos dobog\u00f3s helyez\u00e9s\u00e9t.<\/p><\/div><\/div>\t\t\t\t<\/div>\n\t\t\t\t\t<\/div>\n\t\t\t\t<\/div>\n\t\t\t\t<\/div>\n\t\t","protected":false},"excerpt":{"rendered":"<p>Obedience \u00e9s Rally Obedience tr\u00e9ner Sz\u0151cs M\u00f3nika Obedience \u00e9s Rally Obedience tr\u00e9ner Rally Obedience teljes\u00edtm\u00e9nyb\u00edr\u00f3, seg\u00e9db\u00edr\u00f3 Sz\u0151cs M\u00f3ni vagyok. Gyerekkorom \u00f3ta az \u00e9letem meghat\u00e1roz\u00f3 r\u00e9szei a kuty\u00e1k;\u00a0nem csup\u00e1n hobbik\u00e9nt, hanem \u00e9letformak\u00e9nt tekintek a vel\u00fck val\u00f3 k\u00f6z\u00f6s munk\u00e1ra. Jelenleg t\u00f6bb kuty\u00e1mmal \u00e9lek egy\u00fctt, akikkel magas szinten versenyz\u00fcnk\u00a0Obedience \u00e9s Rally Obedience sport\u00e1gakban. Szakmai utam A kuty\u00e1k ir\u00e1nti [&hellip;]<\/p>\n","protected":false},"author":1,"featured_media":33,"parent":0,"menu_order":0,"comment_status":"closed","ping_status":"closed","template":"elementor_header_footer","meta":{"footnotes":""},"class_list":["post-29","page","type-page","status-publish","has-post-thumbnail","hentry"],"_links":{"self":[{"href":"https:\/\/bigyoka.hu\/index.php\/wp-json\/wp\/v2\/pages\/29","targetHints":{"allow":["GET"]}}],"collection":[{"href":"https:\/\/bigyoka.hu\/index.php\/wp-json\/wp\/v2\/pages"}],"about":[{"href":"https:\/\/bigyoka.hu\/index.php\/wp-json\/wp\/v2\/types\/page"}],"author":[{"embeddable":true,"href":"https:\/\/bigyoka.hu\/index.php\/wp-json\/wp\/v2\/users\/1"}],"replies":[{"embeddable":true,"href":"https:\/\/bigyoka.hu\/index.php\/wp-json\/wp\/v2\/comments?post=29"}],"version-history":[{"count":28,"href":"https:\/\/bigyoka.hu\/index.php\/wp-json\/wp\/v2\/pages\/29\/revisions"}],"predecessor-version":[{"id":235,"href":"https:\/\/bigyoka.hu\/index.php\/wp-json\/wp\/v2\/pages\/29\/revisions\/235"}],"wp:featuredmedia":[{"embeddable":true,"href":"https:\/\/bigyoka.hu\/index.php\/wp-json\/wp\/v2\/media\/33"}],"wp:attachment":[{"href":"https:\/\/bigyoka.hu\/index.php\/wp-json\/wp\/v2\/media?parent=29"}],"curies":[{"name":"wp","href":"https:\/\/api.w.org\/{rel}","templated":true}]}}