{"id":19,"date":"2026-02-22T08:51:26","date_gmt":"2026-02-22T08:51:26","guid":{"rendered":"https:\/\/bigyoka.hu\/index.php\/our-services\/"},"modified":"2026-03-08T18:03:13","modified_gmt":"2026-03-08T18:03:13","slug":"szolgaltatasok-kutyaiskola-kutyapanzio-vac","status":"publish","type":"page","link":"https:\/\/bigyoka.hu\/index.php\/szolgaltatasok-kutyaiskola-kutyapanzio-vac\/","title":{"rendered":"Szolg\u00e1ltat\u00e1sok"},"content":{"rendered":"\t\t<div data-elementor-type=\"wp-page\" data-elementor-id=\"19\" class=\"elementor elementor-19\" data-elementor-post-type=\"page\">\n\t\t\t\t<div class=\"elementor-element elementor-element-25a8cae7 e-flex e-con-boxed e-con e-parent\" data-id=\"25a8cae7\" data-element_type=\"container\" data-e-type=\"container\">\n\t\t\t\t\t<div class=\"e-con-inner\">\n\t\t<div class=\"elementor-element elementor-element-1163c694 e-con-full e-flex e-con e-child\" data-id=\"1163c694\" data-element_type=\"container\" data-e-type=\"container\" data-settings=\"{&quot;background_background&quot;:&quot;classic&quot;}\">\n\t\t\t\t<div class=\"elementor-element elementor-element-37455a3 elementor-invisible elementor-widget elementor-widget-heading\" data-id=\"37455a3\" data-element_type=\"widget\" data-e-type=\"widget\" data-settings=\"{&quot;_animation&quot;:&quot;fadeIn&quot;}\" data-widget_type=\"heading.default\">\n\t\t\t\t\t<h1 class=\"elementor-heading-title elementor-size-default\">Kutyapanzi\u00f3 a Bigy\u00f3k\u00e1n\u00e1l<\/h1>\t\t\t\t<\/div>\n\t\t\t\t<\/div>\n\t\t\t\t\t<\/div>\n\t\t\t\t<\/div>\n\t\t<div class=\"elementor-element elementor-element-d23e926 e-grid e-con-boxed e-con e-parent\" data-id=\"d23e926\" data-element_type=\"container\" data-e-type=\"container\">\n\t\t\t\t\t<div class=\"e-con-inner\">\n\t\t<div class=\"elementor-element elementor-element-5240027 e-con-full e-flex e-con e-child\" data-id=\"5240027\" data-element_type=\"container\" data-e-type=\"container\" data-settings=\"{&quot;background_background&quot;:&quot;classic&quot;}\">\n\t\t\t\t<\/div>\n\t\t\t\t<div class=\"elementor-element elementor-element-b30ab62 elementor-widget elementor-widget-text-editor\" data-id=\"b30ab62\" data-element_type=\"widget\" data-e-type=\"widget\" data-widget_type=\"text-editor.default\">\n\t\t\t\t\t\t\t\t\t<section><h1><span style=\"color: inherit; font-family: inherit; font-size: 2rem;\">Mi\u00e9rt \u00e9rzik j\u00f3l magukat n\u00e1lunk a kuty\u00e1k?<\/span><\/h1><p>Am\u00edg a gazdik elutaznak, n\u00e1lunk a kuty\u00e1k nem vend\u00e9gek, hanem a mindennapjaink r\u00e9szei.<\/p><h3>K\u00f6z\u00f6s s\u00e9t\u00e1k, kiegyens\u00falyozott napirend<\/h3><p>Reggel \u00e9s este falka s\u00e9t\u00e1kon mozoghatnak egy\u00fctt, napk\u00f6zben pedig kisebb,<br \/>\u00f6sszev\u00e1logatott csoportokban j\u00e1tszanak a kifut\u00f3kban. Figyel\u00fcnk arra, hogy<br \/>minden kutya a sz\u00e1m\u00e1ra megfelel\u0151 t\u00e1rsas\u00e1gban legyen \u2013 mert nem mindenki<br \/>\u00e9rzi j\u00f3l mag\u00e1t nagy l\u00e9tsz\u00e1m\u00fa csapatban.<\/p><h3>N\u00e1lunk nincs t\u00f6meg<\/h3><p>Egyszerre maximum 15 vend\u00e9get fogadunk, \u00edgy mindenkire jut id\u0151, figyelem<br \/>\u00e9s val\u00f3di t\u00f6r\u0151d\u00e9s.<\/p><h3>24 \u00f3r\u00e1s fel\u00fcgyelet<\/h3><p>A n\u00e1lunk pihen\u0151 kuty\u00e1k soha nincsenek egyed\u00fcl. Folyamatos jelenl\u00e9ttel<br \/>gondoskodunk r\u00f3luk, mert sz\u00e1munkra az a legfontosabb, hogy biztons\u00e1gban<br \/>\u00e9s nyugodtan t\u00f6lts\u00e9k az itt t\u00f6lt\u00f6tt id\u0151t.<\/p><h3>K\u00e9nyelmes elhelyez\u00e9s<\/h3><p>Az \u00e9jszak\u00e1t t\u00e1gas, biztons\u00e1gos kennelekben t\u00f6ltik. Szobatiszta,<br \/>lak\u00e1sban tartott, nyugodt \u00e9s szocializ\u00e1lt kuty\u00e1k sz\u00e1m\u00e1ra lehet\u0151s\u00e9g van<br \/>lak\u00e1sunkban kialak\u00edtott szob\u00e1kban t\u00f6rt\u00e9n\u0151 elhelyez\u00e9sre is.<\/p><h3>Egy\u00e9ni ig\u00e9nyek szerint<\/h3><p>Napi t\u00f6bbsz\u00f6ri etet\u00e9s, speci\u00e1lis \u00e9trend vagy di\u00e9ta eset\u00e9n is<br \/>alkalmazkodunk.<\/p><h3>Rehabilit\u00e1ci\u00f3 \u00e9s kiemelt fel\u00fcgyelet<\/h3><p>M\u0171t\u00e9tek vagy s\u00e9r\u00fcl\u00e9sek ut\u00e1n a kuty\u00e1k gyakran nagyobb odafigyel\u00e9st<br \/>ig\u00e9nyelnek. T\u00f6bb \u00e9ves \u00e1llatk\u00f3rh\u00e1zi tapasztalattal rendelkez\u0151 szakember<br \/>biztos\u00edtja a megfelel\u0151 ell\u00e1t\u00e1st \u00e9s nyugodt k\u00f6rnyezetet a miel\u0151bbi<br \/>fel\u00e9p\u00fcl\u00e9shez.<\/p><\/section><section><h2>Panzi\u00f3ztat\u00e1s felt\u00e9telei<\/h2><ul><li>\u00c9rv\u00e9nyes veszetts\u00e9g elleni \u00e9s egy\u00e9b k\u00f6telez\u0151 v\u00e9d\u0151olt\u00e1sok<\/li><li>Egy h\u00f3napn\u00e1l nem r\u00e9gebbi f\u00e9reghajt\u00e1s<\/li><li>Fert\u0151z\u0151 betegs\u00e9gt\u0151l mentess\u00e9g<\/li><li>Kullancs- \u00e9s bolhav\u00e9delem javasolt<\/li><\/ul><div>\u00a0<\/div><p>Ha m\u00e9g nem j\u00e1rt n\u00e1lunk, pr\u00f3banap sz\u00fcks\u00e9ges \u2013 hogy biztosak lehess\u00fcnk benne,\u00a0j\u00f3l \u00e9rzi majd mag\u00e1t n\u00e1lunk.<\/p><h3>Bejelentkez\u00e9s \u00e9s \u00e1llapotfelm\u00e9r\u00e9s:<\/h3><p><b><i>Miel\u0151tt vend\u00e9g\u00fcl l\u00e1tn\u00e1nk kedvenc\u00e9t a panzi\u00f3ban, egy el\u0151re egyeztetett ismerked\u00e9si alkalmat biztos\u00edtunk (H-P, 9:30\u201312:00).<\/i><\/b><br \/><br \/>A program tartalma: Szocializ\u00e1ci\u00f3s felm\u00e9r\u00e9s, k\u00f6z\u00f6s s\u00e9ta, ismerked\u00e9s a k\u00f6rnyezettel.<br \/><br \/>Elhelyez\u00e9si pr\u00f3b\u00e1k: Ig\u00e9ny szerint kennel vagy lak\u00e1sos elhelyez\u00e9s tesztel\u00e9se.<br \/>A sikeres pr\u00f3baid\u0151szakot k\u00f6vet\u0151en ny\u00edlik lehet\u0151s\u00e9g a t\u00e9nyleges panzi\u00f3s foglal\u00e1s v\u00e9gleges\u00edt\u00e9s\u00e9re, \u00edgy biztos\u00edtva a kutyus \u00e9s a gazdi nyugalm\u00e1t.<br \/><br \/><b>\u00c1llapotfelm\u00e9r\u00e9s d\u00edj: 4000 Ft \/ alkalom<br \/>Panzi\u00f3 d\u00edj 6000 Ft \/ minden megkezdett nap<\/b><\/p><\/section><section><h2>Fontos inform\u00e1ci\u00f3<\/h2><p>Az \u00e1llatok nyugalma \u00e9rdek\u00e9ben \u00e9rkez\u00e9s \u00e9s l\u00e1togat\u00e1s kiz\u00e1r\u00f3lag<br \/>el\u0151re egyeztetett id\u0151pontban lehets\u00e9ges.<\/p><p><b>Telefon: +36 20 573 1006<\/b><\/p><\/section>\t\t\t\t\t\t\t\t<\/div>\n\t\t\t\t\t<\/div>\n\t\t\t\t<\/div>\n\t\t<div class=\"elementor-element elementor-element-5db0051 e-flex e-con-boxed e-con e-parent\" data-id=\"5db0051\" data-element_type=\"container\" data-e-type=\"container\" data-settings=\"{&quot;background_background&quot;:&quot;classic&quot;}\">\n\t\t\t\t\t<div class=\"e-con-inner\">\n\t\t<div class=\"elementor-element elementor-element-f554db8 e-con-full e-flex e-con e-child\" data-id=\"f554db8\" data-element_type=\"container\" data-e-type=\"container\">\n\t\t\t\t<div class=\"elementor-element elementor-element-df77398 elementor-widget elementor-widget-heading\" data-id=\"df77398\" data-element_type=\"widget\" data-e-type=\"widget\" data-widget_type=\"heading.default\">\n\t\t\t\t\t<h2 class=\"elementor-heading-title elementor-size-default\">Napk\u00f6zi a Bigy\u00f3k\u00e1n\u00e1l<\/h2>\t\t\t\t<\/div>\n\t\t\t\t<\/div>\n\t\t\t\t\t<\/div>\n\t\t\t\t<\/div>\n\t\t<div class=\"elementor-element elementor-element-e8d225c e-grid e-con-boxed e-con e-parent\" data-id=\"e8d225c\" data-element_type=\"container\" data-e-type=\"container\">\n\t\t\t\t\t<div class=\"e-con-inner\">\n\t\t<div class=\"elementor-element elementor-element-74d964f e-con-full e-flex e-con e-child\" data-id=\"74d964f\" data-element_type=\"container\" data-e-type=\"container\" data-settings=\"{&quot;background_background&quot;:&quot;classic&quot;}\">\n\t\t\t\t<\/div>\n\t\t\t\t<div class=\"elementor-element elementor-element-f48f891 elementor-widget elementor-widget-text-editor\" data-id=\"f48f891\" data-element_type=\"widget\" data-e-type=\"widget\" data-widget_type=\"text-editor.default\">\n\t\t\t\t\t\t\t\t\t<section><h1><span style=\"color: inherit; font-family: inherit; font-size: 2rem;\">Bigy\u00f3ka Napk\u00f6zi<\/span><\/h1><section><p>Elfoglalt napjai vannak, de szeretn\u00e9, hogy kuty\u00e1ja tartalmasan \u00e9s<br \/>biztons\u00e1gban t\u00f6ltse az id\u0151t? A nagy mozg\u00e1sig\u00e9ny, az egyed\u00fcll\u00e9t miatti<br \/>nyugtalans\u00e1g vagy az unatkoz\u00e1s sokszor viselked\u00e9si probl\u00e9m\u00e1khoz vezethet.<br \/>A napk\u00f6zi ebben ny\u00fajt megold\u00e1st.<\/p><p>N\u00e1lunk a kuty\u00e1k 1500 nm-es, biztons\u00e1gos ter\u00fcleten, kisebb csoportokban<br \/>j\u00e1tszhatnak \u00e9s mozoghatnak tapasztalt kik\u00e9pz\u0151 fel\u00fcgyelete mellett.<br \/>Figyel\u00fcnk a szem\u00e9lyis\u00e9g\u00fckre \u00e9s ig\u00e9nyeikre, \u00edgy mindenki a sz\u00e1m\u00e1ra<br \/>megfelel\u0151 t\u00e1rsas\u00e1gban t\u00f6ltheti a napj\u00e1t.<\/p><p>A napk\u00f6zi lehet rendszeres program vagy alkalomszer\u0171 seg\u00edts\u00e9g is \u2014<br \/>ahogy az \u00d6n id\u0151beoszt\u00e1sa megk\u00edv\u00e1nja.<\/p><h3>Sz\u00e1ll\u00edt\u00e1s<\/h3><p><b>Napk\u00f6zi csak h\u00e1zt\u00f3l h\u00e1zig sz\u00e1ll\u00edt\u00e1ssal van 7.00-13.00 \u00f3r\u00e1ig<\/b><\/p><h3>D\u00edjaz\u00e1s<\/h3><p><b>Napk\u00f6zi (13:00-ig): 4 000 Ft \/ alkalom + sz\u00e1ll\u00edt\u00e1s<\/b><\/p><p>Rendszeres elhelyez\u00e9s eset\u00e9n k\u00e9rje egyedi aj\u00e1nlatunkat.<\/p><p><span style=\"font-weight: bold;\">Telefon: +36 20 573 1006<\/span><\/p><\/section><\/section>\t\t\t\t\t\t\t\t<\/div>\n\t\t\t\t\t<\/div>\n\t\t\t\t<\/div>\n\t\t<div class=\"elementor-element elementor-element-dd83f7a e-flex e-con-boxed e-con e-parent\" data-id=\"dd83f7a\" data-element_type=\"container\" data-e-type=\"container\" data-settings=\"{&quot;background_background&quot;:&quot;classic&quot;}\">\n\t\t\t\t\t<div class=\"e-con-inner\">\n\t\t<div class=\"elementor-element elementor-element-a976778 e-con-full e-flex e-con e-child\" data-id=\"a976778\" data-element_type=\"container\" data-e-type=\"container\">\n\t\t\t\t<div class=\"elementor-element elementor-element-c3be0df elementor-widget elementor-widget-heading\" data-id=\"c3be0df\" data-element_type=\"widget\" data-e-type=\"widget\" data-widget_type=\"heading.default\">\n\t\t\t\t\t<h2 class=\"elementor-heading-title elementor-size-default\">Kutyaiskola, m\u00e1shogy<\/h2>\t\t\t\t<\/div>\n\t\t\t\t<\/div>\n\t\t\t\t\t<\/div>\n\t\t\t\t<\/div>\n\t\t<div class=\"elementor-element elementor-element-08227e4 e-grid e-con-full e-con e-parent\" data-id=\"08227e4\" data-element_type=\"container\" data-e-type=\"container\">\n\t\t<div class=\"elementor-element elementor-element-f3a62fa e-con-full e-flex e-con e-child\" data-id=\"f3a62fa\" data-element_type=\"container\" data-e-type=\"container\" data-settings=\"{&quot;background_background&quot;:&quot;classic&quot;}\">\n\t\t\t\t<\/div>\n\t\t\t\t<div class=\"elementor-element elementor-element-d37cac0 elementor-widget elementor-widget-text-editor\" data-id=\"d37cac0\" data-element_type=\"widget\" data-e-type=\"widget\" data-widget_type=\"text-editor.default\">\n\t\t\t\t\t\t\t\t\t<section><h2>Vas\u00e1rnapi k\u00f6z\u00f6s gyakorl\u00e1s<\/h2><p>Egy rugalmasabb forma azoknak, akik szeretn\u00e9nek fejl\u0151dni kuty\u00e1jukkal, de nem szeretn\u00e9nek k\u00f6t\u00f6tt, t\u00f6bb alkalmas tanfolyami rendszerben r\u00e9szt venni.<br \/><br \/>Minden vas\u00e1rnap lehet\u0151s\u00e9g van csatlakozni a csoportos foglalkoz\u00e1shoz.<\/p><p>Az \u00f3r\u00e1kon a gazdik megtanulj\u00e1k jobban meg\u00e9rteni kuty\u00e1juk viselked\u00e9s\u00e9t, \u00e9s olyan gyakorlatokat saj\u00e1t\u00edtanak el, amelyek a mindennapokban is haszn\u00e1lhat\u00f3k. A tan\u00edt\u00e1s motiv\u00e1ci\u00f3ra, jutalomfalatra \u00e9s j\u00e1t\u00e9kra \u00e9p\u00fcl, \u00edgy a kuty\u00e1k \u00f6r\u00f6mmel \u00e9s kedvvel dolgoznak.<\/p><p>A foglalkoz\u00e1sok sor\u00e1n nemcsak az engedelmess\u00e9gre \u00e9s a fegyelmezetts\u00e9gre helyezz\u00fck a hangs\u00falyt, hanem a fizikai \u00e9s ment\u00e1lis lef\u00e1raszt\u00e1sra is. \u00dcgyess\u00e9gi feladatokkal, j\u00e1t\u00e9kos gyakorlatokkal \u00e9s h\u00e9tk\u00f6znapi helyzetek modellez\u00e9s\u00e9vel seg\u00edtj\u00fck a harmonikus gazda -kutya kapcsolat kialakul\u00e1s\u00e1t.<\/p><p>Szeretettel v\u00e1runk minden kuty\u00e1t korra \u00e9s el\u0151k\u00e9pzetts\u00e9gre val\u00f3 tekintet n\u00e9lk\u00fcl. Legyen sz\u00f3 kezd\u0151, t\u00fals\u00e1gosan akt\u00edv, f\u00e9l\u00e9nk vagy viselked\u00e9si neh\u00e9zs\u00e9ggel k\u00fczd\u0151 kuty\u00e1r\u00f3l, minden esetben egy\u00e9ni figyelemmel dolgozunk.<\/p><p>C\u00e9lunk, hogy a k\u00f6z\u00f6s munka ne k\u00f6telez\u0151 feladat, hanem \u00e9lm\u00e9ny legyen &#8211; amelyben kutya \u00e9s gazdi egy\u00fctt fejl\u0151dik.<\/p><h4>K\u00f6lts\u00e9gek:<\/h4><p>Els\u0151 lehet\u0151s\u00e9g: 40.000 Ft \u00e9rt\u00e9k\u0171 6 alkalmas b\u00e9rlet, ami 3 h\u00f3napig \u00e9rv\u00e9nyes, majd ezt k\u00f6vet\u0151en 4 000,- forint \/ alkalom.<\/p><p>A Facebook csoport: <a href=\"https:\/\/www.facebook.com\/groups\/1798564073790930\">https:\/\/www.facebook.com\/groups\/1798564073790930<\/a>\u00a0<\/p><p><span style=\"font-weight: bold;\">Telefon: +36 20 573 1006<\/span><\/p><\/section>\t\t\t\t\t\t\t\t<\/div>\n\t\t\t\t<\/div>\n\t\t\t\t<\/div>\n\t\t","protected":false},"excerpt":{"rendered":"<p>Kutyapanzi\u00f3 a Bigy\u00f3k\u00e1n\u00e1l Mi\u00e9rt \u00e9rzik j\u00f3l magukat n\u00e1lunk a kuty\u00e1k? Am\u00edg a gazdik elutaznak, n\u00e1lunk a kuty\u00e1k nem vend\u00e9gek, hanem a mindennapjaink r\u00e9szei. K\u00f6z\u00f6s s\u00e9t\u00e1k, kiegyens\u00falyozott napirend Reggel \u00e9s este falka s\u00e9t\u00e1kon mozoghatnak egy\u00fctt, napk\u00f6zben pedig kisebb,\u00f6sszev\u00e1logatott csoportokban j\u00e1tszanak a kifut\u00f3kban. Figyel\u00fcnk arra, hogyminden kutya a sz\u00e1m\u00e1ra megfelel\u0151 t\u00e1rsas\u00e1gban legyen \u2013 mert nem mindenki\u00e9rzi j\u00f3l [&hellip;]<\/p>\n","protected":false},"author":1,"featured_media":28,"parent":0,"menu_order":0,"comment_status":"closed","ping_status":"closed","template":"elementor_header_footer","meta":{"footnotes":""},"class_list":["post-19","page","type-page","status-publish","has-post-thumbnail","hentry"],"_links":{"self":[{"href":"https:\/\/bigyoka.hu\/index.php\/wp-json\/wp\/v2\/pages\/19","targetHints":{"allow":["GET"]}}],"collection":[{"href":"https:\/\/bigyoka.hu\/index.php\/wp-json\/wp\/v2\/pages"}],"about":[{"href":"https:\/\/bigyoka.hu\/index.php\/wp-json\/wp\/v2\/types\/page"}],"author":[{"embeddable":true,"href":"https:\/\/bigyoka.hu\/index.php\/wp-json\/wp\/v2\/users\/1"}],"replies":[{"embeddable":true,"href":"https:\/\/bigyoka.hu\/index.php\/wp-json\/wp\/v2\/comments?post=19"}],"version-history":[{"count":29,"href":"https:\/\/bigyoka.hu\/index.php\/wp-json\/wp\/v2\/pages\/19\/revisions"}],"predecessor-version":[{"id":247,"href":"https:\/\/bigyoka.hu\/index.php\/wp-json\/wp\/v2\/pages\/19\/revisions\/247"}],"wp:featuredmedia":[{"embeddable":true,"href":"https:\/\/bigyoka.hu\/index.php\/wp-json\/wp\/v2\/media\/28"}],"wp:attachment":[{"href":"https:\/\/bigyoka.hu\/index.php\/wp-json\/wp\/v2\/media?parent=19"}],"curies":[{"name":"wp","href":"https:\/\/api.w.org\/{rel}","templated":true}]}}