{"id":139,"date":"2026-03-03T17:42:13","date_gmt":"2026-03-03T17:42:13","guid":{"rendered":"https:\/\/bigyoka.hu\/?page_id=139"},"modified":"2026-03-03T18:23:04","modified_gmt":"2026-03-03T18:23:04","slug":"rally-obedience","status":"publish","type":"page","link":"https:\/\/bigyoka.hu\/index.php\/rally-obedience\/","title":{"rendered":"Rally Obedience"},"content":{"rendered":"\t\t<div data-elementor-type=\"wp-page\" data-elementor-id=\"139\" class=\"elementor elementor-139\" data-elementor-post-type=\"page\">\n\t\t\t\t<div class=\"elementor-element elementor-element-23a95e73 e-con-full e-flex e-con e-parent\" data-id=\"23a95e73\" data-element_type=\"container\" data-e-type=\"container\">\n\t\t<div class=\"elementor-element elementor-element-308cc90c e-con-full e-flex e-con e-child\" data-id=\"308cc90c\" data-element_type=\"container\" data-e-type=\"container\">\n\t\t\t\t<div class=\"elementor-element elementor-element-76d3a5d2 elementor-widget elementor-widget-heading\" data-id=\"76d3a5d2\" data-element_type=\"widget\" data-e-type=\"widget\" data-widget_type=\"heading.default\">\n\t\t\t\t\t<h1 class=\"elementor-heading-title elementor-size-default\"><b>Rally<\/b> Obedience<\/h1>\t\t\t\t<\/div>\n\t\t\t\t<div class=\"elementor-element elementor-element-15c792d0 elementor-widget-divider--view-line elementor-widget elementor-widget-divider\" data-id=\"15c792d0\" data-element_type=\"widget\" data-e-type=\"widget\" data-widget_type=\"divider.default\">\n\t\t\t\t\t\t\t<div class=\"elementor-divider\">\n\t\t\t<span class=\"elementor-divider-separator\">\n\t\t\t\t\t\t<\/span>\n\t\t<\/div>\n\t\t\t\t\t\t<\/div>\n\t\t\t\t<div class=\"elementor-element elementor-element-3e8a16c9 elementor-widget elementor-widget-text-editor\" data-id=\"3e8a16c9\" data-element_type=\"widget\" data-e-type=\"widget\" data-widget_type=\"text-editor.default\">\n\t\t\t\t\t\t\t\t\t<section>\nA Rally Obedience egy modern, \u00e9lm\u00e9nyalap\u00fa kuty\u00e1s sport, amely a\u00a0gazda \u00e9s a kutya k\u00f6z\u00f6tti egy\u00fcttm\u0171k\u00f6d\u00e9sre \u00e9p\u00fcl. Ha nem szereted a\u00a0merev, sablonos engedelmess\u00e9gi \u00f3r\u00e1kat, de szeretn\u00e9l fejl\u0151dni a\u00a0kuty\u00e1ddal, ez a sport neked val\u00f3.\n\n4 h\u00f3napos kort\u00f3l b\u00e1rmilyen fajt\u00e1j\u00fa \u00e9s habitus\u00fa kuty\u00e1val elkezdhet\u0151.\u00a0El\u0151zetes k\u00e9pzetts\u00e9g nem sz\u00fcks\u00e9ges, de term\u00e9szetesen el\u0151nyt jelent.\u00a0A Rally k\u00fcl\u00f6nlegess\u00e9ge, hogy alacsonyabb szinteken a versenyeken \u00e9s\u00a0vizsg\u00e1kon is megengedett a jutalmaz\u00e1s \u00e9s a seg\u00edt\u0151 jelz\u00e9sek haszn\u00e1lata,\n\u00edgy a tanul\u00e1s pozit\u00edv \u00e9lm\u00e9ny marad.\n\n<\/section><section>\n<h3>Mi t\u00f6rt\u00e9nik egy Rally p\u00e1ly\u00e1n?<\/h3>\nA kutya a gazd\u00e1j\u00e1t bal oldalon k\u00f6veti, mik\u00f6zben t\u00e1bl\u00e1kkal jel\u00f6lt\u00a0\u00fatvonalon haladnak v\u00e9gig. Az egyes \u00e1llom\u00e1sok k\u00fcl\u00f6nb\u00f6z\u0151 feladatokat\u00a0tartalmaznak: lehetnek engedelmess\u00e9gi gyakorlatok (\u00fcltet\u00e9s, fektet\u00e9s,\nhelyben marad\u00e1s), \u00fcgyess\u00e9gi elemek (szlalom, spir\u00e1l, nyolcas alakzat),\u00a0vagy ezek kombin\u00e1ci\u00f3i.\n\nA p\u00e1lya minden alkalommal m\u00e1s fel\u00e9p\u00edt\u00e9s\u0171, ez\u00e9rt a gyakorl\u00e1s v\u00e1ltozatos\u00a0\u00e9s izgalmas. A feladatokat szintid\u0151n bel\u00fcl kell teljes\u00edteni, \u00e9s a\u00a0kommunik\u00e1ci\u00f3 \u2013 hang- \u00e9s testjelek \u2013 fontos szerepet kap.\n\nA Rally Obedience nemcsak sport, hanem kapcsolat\u00e9p\u00edt\u0151 tr\u00e9ning is:\u00a0fejleszti a figyelmet, az egy\u00fcttm\u0171k\u00f6d\u00e9st \u00e9s a k\u00f6lcs\u00f6n\u00f6s bizalmat.\n\n<\/section><section>\n<h3>Szakmai h\u00e1tt\u00e9r \u00e9s eredm\u00e9nyek<\/h3>\nA Rally Obedience sportban akt\u00edv versenyz\u0151k\u00e9nt, edz\u0151k\u00e9nt \u00e9s teljes\u00edtm\u00e9nyb\u00edr\u00f3k\u00e9nt is r\u00e9szt veszek. T\u00f6bb kuty\u00e1mmal hazai \u00e9s\u00a0nemzetk\u00f6zi versenyeken is eredm\u00e9nyesen szerepelt\u00fcnk.\n<ul>\n \t<li>4\u00d7 Rally Obedience Orsz\u00e1gos Bajnok c\u00edm<\/li>\n \t<li>FCI Rally Obedience Vil\u00e1gbajnoks\u00e1g \u2013 v\u00e1logatott csapattag<\/li>\n \t<li>European Open Obedience \u2013 Eur\u00f3pa Bajnoki gy\u0151zelem<\/li>\n \t<li>Sz\u00e1mos hazai \u00e9s nemzetk\u00f6zi dobog\u00f3s helyez\u00e9s<\/li>\n<\/ul>\nKik\u00e9pz\u0151ink folyamatosan k\u00e9pzik magukat hazai \u00e9s k\u00fclf\u00f6ldi szakmai tov\u00e1bbk\u00e9pz\u00e9seken, hogy naprak\u00e9sz tud\u00e1ssal seg\u00edts\u00e9k a hozz\u00e1nk \u00e9rkez\u0151 p\u00e1rosokat.\n\nC\u00e9lunk, hogy a Rally Obedience ne csak versenysport legyen, hanem egy \u00e9lvezetes \u00e9s motiv\u00e1l\u00f3 k\u00f6z\u00f6s \u00fat kutya \u00e9s gazd\u00e1ja sz\u00e1m\u00e1ra.\n\n<\/section>\t\t\t\t\t\t\t\t<\/div>\n\t\t\t\t<\/div>\n\t\t<div class=\"elementor-element elementor-element-7ad4d0c8 e-con-full e-flex e-con e-child\" data-id=\"7ad4d0c8\" data-element_type=\"container\" data-e-type=\"container\" data-settings=\"{&quot;background_background&quot;:&quot;classic&quot;,&quot;background_motion_fx_motion_fx_scrolling&quot;:&quot;yes&quot;,&quot;background_motion_fx_scale_effect&quot;:&quot;yes&quot;,&quot;background_motion_fx_scale_range&quot;:{&quot;unit&quot;:&quot;%&quot;,&quot;size&quot;:&quot;&quot;,&quot;sizes&quot;:{&quot;start&quot;:50,&quot;end&quot;:100}},&quot;background_motion_fx_scale_direction&quot;:&quot;out-in&quot;,&quot;background_motion_fx_scale_speed&quot;:{&quot;unit&quot;:&quot;px&quot;,&quot;size&quot;:4,&quot;sizes&quot;:[]},&quot;background_motion_fx_devices&quot;:[&quot;desktop&quot;,&quot;tablet&quot;,&quot;mobile&quot;]}\">\n\t\t\t\t<\/div>\n\t\t\t\t<\/div>\n\t\t<div class=\"elementor-element elementor-element-b2e4d9b e-con-full e-flex e-con e-parent\" data-id=\"b2e4d9b\" data-element_type=\"container\" data-e-type=\"container\" data-settings=\"{&quot;background_background&quot;:&quot;gradient&quot;}\">\n\t\t<div class=\"elementor-element elementor-element-2b312aea e-con-full e-flex e-con e-child\" data-id=\"2b312aea\" data-element_type=\"container\" data-e-type=\"container\">\n\t\t\t\t<div class=\"elementor-element elementor-element-55681602 elementor-widget-tablet__width-inherit elementor-cta--skin-classic elementor-animated-content elementor-bg-transform elementor-bg-transform-zoom-in elementor-widget elementor-widget-call-to-action\" data-id=\"55681602\" data-element_type=\"widget\" data-e-type=\"widget\" data-widget_type=\"call-to-action.default\">\n\t\t\t\t\t\t\t<div class=\"elementor-cta\">\n\t\t\t\t\t<div class=\"elementor-cta__bg-wrapper\">\n\t\t\t\t<div class=\"elementor-cta__bg elementor-bg\" style=\"background-image: url(https:\/\/bigyoka.hu\/wp-content\/uploads\/2026\/02\/rallyeu_szocs_moni.jpg);\" role=\"img\" aria-label=\"rallyeu_szocs_moni\"><\/div>\n\t\t\t\t<div class=\"elementor-cta__bg-overlay\"><\/div>\n\t\t\t<\/div>\n\t\t\t\t\t\t\t\t<\/div>\n\t\t\t\t\t\t<\/div>\n\t\t\t\t<div class=\"elementor-element elementor-element-2ea5ddc4 elementor-widget__width-initial elementor-absolute elementor-widget elementor-widget-spacer\" data-id=\"2ea5ddc4\" data-element_type=\"widget\" data-e-type=\"widget\" data-settings=\"{&quot;_position&quot;:&quot;absolute&quot;}\" data-widget_type=\"spacer.default\">\n\t\t\t\t\t\t\t<div class=\"elementor-spacer\">\n\t\t\t<div class=\"elementor-spacer-inner\"><\/div>\n\t\t<\/div>\n\t\t\t\t\t\t<\/div>\n\t\t\t\t<\/div>\n\t\t<div class=\"elementor-element elementor-element-4a0879cb e-con-full e-flex e-con e-child\" data-id=\"4a0879cb\" data-element_type=\"container\" data-e-type=\"container\">\n\t\t\t\t<div class=\"elementor-element elementor-element-653b7260 elementor-widget-divider--view-line elementor-widget elementor-widget-divider\" data-id=\"653b7260\" data-element_type=\"widget\" data-e-type=\"widget\" data-widget_type=\"divider.default\">\n\t\t\t\t\t\t\t<div class=\"elementor-divider\">\n\t\t\t<span class=\"elementor-divider-separator\">\n\t\t\t\t\t\t<\/span>\n\t\t<\/div>\n\t\t\t\t\t\t<\/div>\n\t\t\t\t<div class=\"elementor-element elementor-element-63eaac4a elementor-widget elementor-widget-heading\" data-id=\"63eaac4a\" data-element_type=\"widget\" data-e-type=\"widget\" data-widget_type=\"heading.default\">\n\t\t\t\t\t<h2 class=\"elementor-heading-title elementor-size-default\"><b>\u00c9rdekel<\/b><br> a lehet\u0151s\u00e9g?<\/h2>\t\t\t\t<\/div>\n\t\t\t\t<div class=\"elementor-element elementor-element-4200a7be elementor-widget elementor-widget-text-editor\" data-id=\"4200a7be\" data-element_type=\"widget\" data-e-type=\"widget\" data-widget_type=\"text-editor.default\">\n\t\t\t\t\t\t\t\t\t<p>Ha szeretn\u00e9l egy olyan sportot kipr\u00f3b\u00e1lni, amely egyszerre fejleszti&nbsp;a kuty\u00e1d figyelm\u00e9t, az egy\u00fcttm\u0171k\u00f6d\u00e9seteket \u00e9s a k\u00f6z\u00f6s \u00e9lm\u00e9nyeiteket,<br>akkor a Rally Obedience remek v\u00e1laszt\u00e1s lehet.<\/p>\n<p>Nem sz\u00e1m\u00edt, hogy most kezded a k\u00f6z\u00f6s munk\u00e1t, vagy m\u00e1r van tapasztalatod \u2013&nbsp;minden p\u00e1ros a saj\u00e1t temp\u00f3j\u00e1ban halad. A c\u00e9l nem csup\u00e1n a feladatok&nbsp;pontos v\u00e9grehajt\u00e1sa, hanem az a fajta \u00f6sszhang, amely a h\u00e9tk\u00f6znapokban&nbsp;is \u00e9rezhet\u0151v\u00e9 v\u00e1lik.<\/p>\n<p>A foglalkoz\u00e1sok sor\u00e1n megtapasztalhatod, milyen az, amikor a kuty\u00e1d&nbsp;val\u00f3ban r\u00e1d figyel, \u00f6r\u00f6mmel dolgozik veled, \u00e9s a tanul\u00e1s k\u00f6z\u00f6s siker\u00e9lm\u00e9nny\u00e9&nbsp;v\u00e1lik. A Rally Obedience j\u00e1t\u00e9kos, m\u00e9gis struktur\u00e1lt rendszer, amely&nbsp;ment\u00e1lisan \u00e9s fizikailag is lef\u00e1rasztja a kuty\u00e1t, mik\u00f6zben er\u0151s\u00edti<br>a gazda magabiztoss\u00e1g\u00e1t.<\/p>\n<p>Ha szeretn\u00e9d megismerni ezt a sportot, fejl\u0151dni kuty\u00e1ddal, vagy ak\u00e1r&nbsp;hosszabb t\u00e1von versenyz\u00e9sben is gondolkodsz, szeretettel v\u00e1runk.&nbsp;Seg\u00edt\u00fcnk megtal\u00e1lni a megfelel\u0151 szintet \u00e9s a k\u00f6vetkez\u0151 l\u00e9p\u00e9st.<\/p>\n<p>Vedd fel vel\u00fcnk a kapcsolatot, \u00e9s csatlakozz egy foglalkoz\u00e1shoz \u2013&nbsp;tapasztald meg, milyen \u00e9rz\u00e9s, amikor a k\u00f6z\u00f6s munka val\u00f3di csapatmunk\u00e1v\u00e1 v\u00e1lik.<\/p>\n<p><b>Jelentkez\u00e9s \u00e9s inform\u00e1ci\u00f3:<br><\/b>+36 20 573 1006<\/p>\t\t\t\t\t\t\t\t<\/div>\n\t\t\t\t<\/div>\n\t\t\t\t<\/div>\n\t\t\t\t<\/div>\n\t\t","protected":false},"excerpt":{"rendered":"<p>Rally Obedience A Rally Obedience egy modern, \u00e9lm\u00e9nyalap\u00fa kuty\u00e1s sport, amely a\u00a0gazda \u00e9s a kutya k\u00f6z\u00f6tti egy\u00fcttm\u0171k\u00f6d\u00e9sre \u00e9p\u00fcl. Ha nem szereted a\u00a0merev, sablonos engedelmess\u00e9gi \u00f3r\u00e1kat, de szeretn\u00e9l fejl\u0151dni a\u00a0kuty\u00e1ddal, ez a sport neked val\u00f3. 4 h\u00f3napos kort\u00f3l b\u00e1rmilyen fajt\u00e1j\u00fa \u00e9s habitus\u00fa kuty\u00e1val elkezdhet\u0151.\u00a0El\u0151zetes k\u00e9pzetts\u00e9g nem sz\u00fcks\u00e9ges, de term\u00e9szetesen el\u0151nyt jelent.\u00a0A Rally k\u00fcl\u00f6nlegess\u00e9ge, hogy alacsonyabb szinteken [&hellip;]<\/p>\n","protected":false},"author":1,"featured_media":0,"parent":0,"menu_order":0,"comment_status":"closed","ping_status":"closed","template":"elementor_header_footer","meta":{"footnotes":""},"class_list":["post-139","page","type-page","status-publish","hentry"],"_links":{"self":[{"href":"https:\/\/bigyoka.hu\/index.php\/wp-json\/wp\/v2\/pages\/139","targetHints":{"allow":["GET"]}}],"collection":[{"href":"https:\/\/bigyoka.hu\/index.php\/wp-json\/wp\/v2\/pages"}],"about":[{"href":"https:\/\/bigyoka.hu\/index.php\/wp-json\/wp\/v2\/types\/page"}],"author":[{"embeddable":true,"href":"https:\/\/bigyoka.hu\/index.php\/wp-json\/wp\/v2\/users\/1"}],"replies":[{"embeddable":true,"href":"https:\/\/bigyoka.hu\/index.php\/wp-json\/wp\/v2\/comments?post=139"}],"version-history":[{"count":31,"href":"https:\/\/bigyoka.hu\/index.php\/wp-json\/wp\/v2\/pages\/139\/revisions"}],"predecessor-version":[{"id":209,"href":"https:\/\/bigyoka.hu\/index.php\/wp-json\/wp\/v2\/pages\/139\/revisions\/209"}],"wp:attachment":[{"href":"https:\/\/bigyoka.hu\/index.php\/wp-json\/wp\/v2\/media?parent=139"}],"curies":[{"name":"wp","href":"https:\/\/api.w.org\/{rel}","templated":true}]}}