{"id":13,"date":"2026-02-22T08:51:23","date_gmt":"2026-02-22T08:51:23","guid":{"rendered":"https:\/\/bigyoka.hu\/index.php\/contact-us\/"},"modified":"2026-03-03T18:30:04","modified_gmt":"2026-03-03T18:30:04","slug":"kapcsolat","status":"publish","type":"page","link":"https:\/\/bigyoka.hu\/index.php\/kapcsolat\/","title":{"rendered":"Kapcsolat"},"content":{"rendered":"\t\t<div data-elementor-type=\"wp-page\" data-elementor-id=\"13\" class=\"elementor elementor-13\" data-elementor-post-type=\"page\">\n\t\t\t\t<div class=\"elementor-element elementor-element-24c16cf6 e-flex e-con-boxed e-con e-parent\" data-id=\"24c16cf6\" data-element_type=\"container\" data-e-type=\"container\">\n\t\t\t\t\t<div class=\"e-con-inner\">\n\t\t<div class=\"elementor-element elementor-element-71f79242 e-con-full e-flex e-con e-child\" data-id=\"71f79242\" data-element_type=\"container\" data-e-type=\"container\">\n\t\t\t\t<div class=\"elementor-element elementor-element-4083a1f8 elementor-invisible elementor-widget elementor-widget-heading\" data-id=\"4083a1f8\" data-element_type=\"widget\" data-e-type=\"widget\" data-settings=\"{&quot;_animation&quot;:&quot;fadeIn&quot;}\" data-widget_type=\"heading.default\">\n\t\t\t\t\t<h2 class=\"elementor-heading-title elementor-size-default\">Besz\u00e9lgess\u00fcnk!<\/h2>\t\t\t\t<\/div>\n\t\t\t\t<div class=\"elementor-element elementor-element-6eec4499 elementor-widget elementor-widget-text-editor\" data-id=\"6eec4499\" data-element_type=\"widget\" data-e-type=\"widget\" data-widget_type=\"text-editor.default\">\n\t\t\t\t\t\t\t\t\t<p>Minden kutya \u00e9s minden gazdi m\u00e1s. \u00cdrj vagy h\u00edvj b\u00e1tran, \u00e9s n\u00e9zz\u00fck meg egy\u00fctt, hogyan tudunk seg\u00edteni nektek.<\/p>\n<ul>\n<li>Sz\u0151cs M\u00f3nika<\/li>\n<li>Bigy\u00f3ka \u00c1llatokkal az Emberek\u00e9rt Alap\u00edtv\u00e1ny<\/li>\n<li>18001185-1-13<\/li>\n<li>2135 Cs\u00f6r\u00f6g, Fecske utca 4.<\/li>\n<li>+36-20-573-1006<\/li>\n<li>monacorsa@hotmail.com vagy info@bigyoka.hu<\/li>\n<\/ul>\t\t\t\t\t\t\t\t<\/div>\n\t\t\t\t<\/div>\n\t\t<div class=\"elementor-element elementor-element-68890400 e-con-full e-flex e-con e-child\" data-id=\"68890400\" data-element_type=\"container\" data-e-type=\"container\" data-settings=\"{&quot;background_background&quot;:&quot;classic&quot;}\">\n\t\t\t\t<\/div>\n\t\t\t\t\t<\/div>\n\t\t\t\t<\/div>\n\t\t\t\t<\/div>\n\t\t","protected":false},"excerpt":{"rendered":"<p>Besz\u00e9lgess\u00fcnk! Minden kutya \u00e9s minden gazdi m\u00e1s. \u00cdrj vagy h\u00edvj b\u00e1tran, \u00e9s n\u00e9zz\u00fck meg egy\u00fctt, hogyan tudunk seg\u00edteni nektek. Sz\u0151cs M\u00f3nika Bigy\u00f3ka \u00c1llatokkal az Emberek\u00e9rt Alap\u00edtv\u00e1ny 18001185-1-13 2135 Cs\u00f6r\u00f6g, Fecske utca 4. +36-20-573-1006 monacorsa@hotmail.com vagy info@bigyoka.hu<\/p>\n","protected":false},"author":1,"featured_media":18,"parent":0,"menu_order":0,"comment_status":"closed","ping_status":"closed","template":"elementor_header_footer","meta":{"footnotes":""},"class_list":["post-13","page","type-page","status-publish","has-post-thumbnail","hentry"],"_links":{"self":[{"href":"https:\/\/bigyoka.hu\/index.php\/wp-json\/wp\/v2\/pages\/13","targetHints":{"allow":["GET"]}}],"collection":[{"href":"https:\/\/bigyoka.hu\/index.php\/wp-json\/wp\/v2\/pages"}],"about":[{"href":"https:\/\/bigyoka.hu\/index.php\/wp-json\/wp\/v2\/types\/page"}],"author":[{"embeddable":true,"href":"https:\/\/bigyoka.hu\/index.php\/wp-json\/wp\/v2\/users\/1"}],"replies":[{"embeddable":true,"href":"https:\/\/bigyoka.hu\/index.php\/wp-json\/wp\/v2\/comments?post=13"}],"version-history":[{"count":11,"href":"https:\/\/bigyoka.hu\/index.php\/wp-json\/wp\/v2\/pages\/13\/revisions"}],"predecessor-version":[{"id":215,"href":"https:\/\/bigyoka.hu\/index.php\/wp-json\/wp\/v2\/pages\/13\/revisions\/215"}],"wp:featuredmedia":[{"embeddable":true,"href":"https:\/\/bigyoka.hu\/index.php\/wp-json\/wp\/v2\/media\/18"}],"wp:attachment":[{"href":"https:\/\/bigyoka.hu\/index.php\/wp-json\/wp\/v2\/media?parent=13"}],"curies":[{"name":"wp","href":"https:\/\/api.w.org\/{rel}","templated":true}]}}